{"id":338280,"date":"2024-03-01T20:07:57","date_gmt":"2024-03-01T19:07:57","guid":{"rendered":"https:\/\/gajostest.a2hosted.com\/eshop\/lydden-nohavice-do-pasa\/"},"modified":"2026-04-29T21:32:09","modified_gmt":"2026-04-29T19:32:09","slug":"lydden-nohavice-do-pasa","status":"publish","type":"product","link":"https:\/\/gajos.sk\/eshop\/p\/lydden-nohavice-do-pasa\/","title":{"rendered":"LYDDEN nohavice do p\u00e1sa"},"content":{"rendered":"","protected":false},"excerpt":{"rendered":"<p>P\u00e1nske pracovn\u00e9 nohavice do p\u00e1sa, s horn\u00fdmi predn\u00fdmi vreckami v d\u017e\u00ednsovom \u0161t\u00fdle, 1 bo\u010dn\u00e9 skladan\u00e9 vrecko s pr\u00edklopkou na such\u00fd zips, 1 bo\u010dn\u00e9 vrecko s p\u00fatkom na n\u00e1radie,  2 zadn\u00e9 vreck\u00e1, z toho jedno s pr\u00edklopkou na such\u00fd zips, nastavite\u013en\u00e1 d\u013a\u017eka nohav\u00edc, elastick\u00fd p\u00e1s, spevnenie \u0161vov trojit\u00fdm pre\u0161it\u00edm, zn\u00e1soben\u00e9 pre\u0161itie v nam\u00e1han\u00fdch miestach.<\/p>\n","protected":false},"featured_media":338282,"template":"","meta":{"_acf_changed":false,"inline_featured_image":false},"product_brand":[],"product_cat":[2121,2127,2126],"product_tag":[1354],"class_list":{"0":"post-338280","1":"product","2":"type-product","3":"status-publish","4":"has-post-thumbnail","6":"product_cat-odevy","7":"product_cat-nohavice","8":"product_cat-nohavice-a-overaly","9":"product_tag-assent","10":"pa_farba-biela","11":"pa_velkost-3159","12":"pa_velkost-3160","13":"pa_velkost-3162","14":"pa_velkost-3175","15":"pa_velkost-3110","16":"pa_velkost-3112","17":"pa_velkost-3121","18":"pa_velkost-3123","19":"pa_velkost-3155","20":"pa_velkost-3157","21":"pa_velkost-3158","23":"first","24":"instock","25":"taxable","26":"shipping-taxable","27":"purchasable","28":"product-type-variable"},"acf":[],"_links":{"self":[{"href":"https:\/\/gajos.sk\/eshop\/wp-json\/wp\/v2\/product\/338280","targetHints":{"allow":["GET"]}}],"collection":[{"href":"https:\/\/gajos.sk\/eshop\/wp-json\/wp\/v2\/product"}],"about":[{"href":"https:\/\/gajos.sk\/eshop\/wp-json\/wp\/v2\/types\/product"}],"wp:featuredmedia":[{"embeddable":true,"href":"https:\/\/gajos.sk\/eshop\/wp-json\/wp\/v2\/media\/338282"}],"wp:attachment":[{"href":"https:\/\/gajos.sk\/eshop\/wp-json\/wp\/v2\/media?parent=338280"}],"wp:term":[{"taxonomy":"product_brand","embeddable":true,"href":"https:\/\/gajos.sk\/eshop\/wp-json\/wp\/v2\/product_brand?post=338280"},{"taxonomy":"product_cat","embeddable":true,"href":"https:\/\/gajos.sk\/eshop\/wp-json\/wp\/v2\/product_cat?post=338280"},{"taxonomy":"product_tag","embeddable":true,"href":"https:\/\/gajos.sk\/eshop\/wp-json\/wp\/v2\/product_tag?post=338280"}],"curies":[{"name":"wp","href":"https:\/\/api.w.org\/{rel}","templated":true}]}}