{"id":338251,"date":"2024-03-01T20:07:50","date_gmt":"2024-03-01T19:07:50","guid":{"rendered":"https:\/\/gajostest.a2hosted.com\/eshop\/erding-nohavice-do-pasu\/"},"modified":"2026-04-29T21:32:09","modified_gmt":"2026-04-29T19:32:09","slug":"erding-nohavice-do-pasu","status":"publish","type":"product","link":"https:\/\/gajos.sk\/eshop\/p\/erding-nohavice-do-pasu\/","title":{"rendered":"ERDING nohavice do pasu"},"content":{"rendered":"","protected":false},"excerpt":{"rendered":"<p>P\u00e1nske pracovn\u00e9 nohavice do p\u00e1sa, s multifunk\u010dn\u00fdm bo\u010dn\u00fdm vreckom, ve\u013ek\u00e9 skladan\u00e9 zadn\u00e9 vreck\u00e1 s pr\u00edklopkou na such\u00fd zips,  n\u00e1kolenn\u00e9 vreck\u00e1 zo zosilnen\u00e9ho materi\u00e1lu Oxford s mo\u017enos\u0165ou vlo\u017eenia kolenn\u00fdch v\u00fdstuh, spevnenie \u0161vov trojit\u00fdm pre\u0161it\u00edm, zn\u00e1soben\u00e9 pre\u0161itie v nam\u00e1han\u00fdch miestach v kontrastnej farbe, upravite\u013en\u00e1 d\u013a\u017eka nohav\u00edc, dekorat\u00edvne doplnky z reflex\u00edvneho materi\u00e1lu, elastick\u00fd p\u00e1s.<\/p>\n","protected":false},"featured_media":338253,"template":"","meta":{"_acf_changed":false,"inline_featured_image":false},"product_brand":[],"product_cat":[2121,2127,2126],"product_tag":[1354],"class_list":{"0":"post-338251","1":"product","2":"type-product","3":"status-publish","4":"has-post-thumbnail","6":"product_cat-odevy","7":"product_cat-nohavice","8":"product_cat-nohavice-a-overaly","9":"product_tag-assent","10":"pa_farba-cierna","11":"pa_farba-siva","12":"pa_farba-pieskova","13":"pa_velkost-3158","14":"pa_velkost-3159","15":"pa_velkost-3160","16":"pa_velkost-3161","17":"pa_velkost-3162","18":"pa_velkost-3175","19":"pa_velkost-3110","20":"pa_velkost-3112","21":"pa_velkost-3155","22":"pa_velkost-3157","24":"first","25":"instock","26":"taxable","27":"shipping-taxable","28":"purchasable","29":"product-type-variable"},"acf":[],"_links":{"self":[{"href":"https:\/\/gajos.sk\/eshop\/wp-json\/wp\/v2\/product\/338251","targetHints":{"allow":["GET"]}}],"collection":[{"href":"https:\/\/gajos.sk\/eshop\/wp-json\/wp\/v2\/product"}],"about":[{"href":"https:\/\/gajos.sk\/eshop\/wp-json\/wp\/v2\/types\/product"}],"wp:featuredmedia":[{"embeddable":true,"href":"https:\/\/gajos.sk\/eshop\/wp-json\/wp\/v2\/media\/338253"}],"wp:attachment":[{"href":"https:\/\/gajos.sk\/eshop\/wp-json\/wp\/v2\/media?parent=338251"}],"wp:term":[{"taxonomy":"product_brand","embeddable":true,"href":"https:\/\/gajos.sk\/eshop\/wp-json\/wp\/v2\/product_brand?post=338251"},{"taxonomy":"product_cat","embeddable":true,"href":"https:\/\/gajos.sk\/eshop\/wp-json\/wp\/v2\/product_cat?post=338251"},{"taxonomy":"product_tag","embeddable":true,"href":"https:\/\/gajos.sk\/eshop\/wp-json\/wp\/v2\/product_tag?post=338251"}],"curies":[{"name":"wp","href":"https:\/\/api.w.org\/{rel}","templated":true}]}}