{"id":338242,"date":"2024-03-01T20:07:47","date_gmt":"2024-03-01T19:07:47","guid":{"rendered":"https:\/\/gajostest.a2hosted.com\/eshop\/croft-nohavice-do-pasa\/"},"modified":"2026-04-11T17:50:46","modified_gmt":"2026-04-11T15:50:46","slug":"croft-nohavice-do-pasa","status":"publish","type":"product","link":"https:\/\/gajos.sk\/eshop\/p\/croft-nohavice-do-pasa\/","title":{"rendered":"CROFT nohavice do p\u00e1sa"},"content":{"rendered":"","protected":false},"excerpt":{"rendered":"<p>P\u00e1nske pracovn\u00e9 nohavice do p\u00e1sa v atrakt\u00edvnom dizajne, multifunk\u010dn\u00e9 vreck\u00e1 v hornej \u010dasti nohav\u00edc, predn\u00e9 vreck\u00e1 v d\u017e\u00ednsovom \u0161t\u00fdle, skladan\u00e9 zadn\u00e9 vreck\u00e1 s pr\u00edklopkou na such\u00fd zips, kolenn\u00e9 vreck\u00e1 s mo\u017enos\u0165ou vkladania kolenn\u00fdch v\u00fdstuh, spevnenie \u0161vov trojit\u00fdm pre\u0161it\u00edm, zn\u00e1soben\u00e9 pre\u0161itie v nam\u00e1han\u00fdch miestach, upravite\u013en\u00e1 d\u013a\u017eka nohav\u00edc, elastick\u00fd p\u00e1s.<\/p>\n","protected":false},"featured_media":338244,"template":"","meta":{"_acf_changed":false,"inline_featured_image":false},"product_brand":[],"product_cat":[2127,2121,2126],"product_tag":[1354],"class_list":{"0":"post-338242","1":"product","2":"type-product","3":"status-publish","4":"has-post-thumbnail","6":"product_cat-nohavice","7":"product_cat-odevy","8":"product_cat-nohavice-a-overaly","9":"product_tag-assent","10":"pa_farba-biela","11":"pa_velkost-3110","12":"pa_velkost-3112","13":"pa_velkost-3155","14":"pa_velkost-3157","15":"pa_velkost-3158","16":"pa_velkost-3162","17":"pa_velkost-3175","19":"first","20":"instock","21":"taxable","22":"shipping-taxable","23":"product-type-variable"},"acf":[],"_links":{"self":[{"href":"https:\/\/gajos.sk\/eshop\/wp-json\/wp\/v2\/product\/338242","targetHints":{"allow":["GET"]}}],"collection":[{"href":"https:\/\/gajos.sk\/eshop\/wp-json\/wp\/v2\/product"}],"about":[{"href":"https:\/\/gajos.sk\/eshop\/wp-json\/wp\/v2\/types\/product"}],"wp:featuredmedia":[{"embeddable":true,"href":"https:\/\/gajos.sk\/eshop\/wp-json\/wp\/v2\/media\/338244"}],"wp:attachment":[{"href":"https:\/\/gajos.sk\/eshop\/wp-json\/wp\/v2\/media?parent=338242"}],"wp:term":[{"taxonomy":"product_brand","embeddable":true,"href":"https:\/\/gajos.sk\/eshop\/wp-json\/wp\/v2\/product_brand?post=338242"},{"taxonomy":"product_cat","embeddable":true,"href":"https:\/\/gajos.sk\/eshop\/wp-json\/wp\/v2\/product_cat?post=338242"},{"taxonomy":"product_tag","embeddable":true,"href":"https:\/\/gajos.sk\/eshop\/wp-json\/wp\/v2\/product_tag?post=338242"}],"curies":[{"name":"wp","href":"https:\/\/api.w.org\/{rel}","templated":true}]}}