{"id":338229,"date":"2024-03-01T20:07:43","date_gmt":"2024-03-01T19:07:43","guid":{"rendered":"https:\/\/gajostest.a2hosted.com\/eshop\/taupo-nohavice-naprs\/"},"modified":"2026-04-29T21:32:09","modified_gmt":"2026-04-29T19:32:09","slug":"taupo-nohavice-naprs","status":"publish","type":"product","link":"https:\/\/gajos.sk\/eshop\/p\/taupo-nohavice-naprs\/","title":{"rendered":"TAUPO nohavice n\u00e1prs."},"content":{"rendered":"","protected":false},"excerpt":{"rendered":"<p>P\u00e1nske pracovn\u00e9 nohavice s n\u00e1prsenkou, 2 bo\u010dn\u00e9 vreck\u00e1 v d\u017e\u00ednsovom \u0161t\u00fdle na prednom diele, 1 bo\u010dn\u00e9 vrecko s pr\u00edklopkou na such\u00fd zips na nohavici, 2 priestorn\u00e9 vreck\u00e1 na n\u00e1radie na druhej nohavici, 2 skladan\u00e9 zadn\u00e9 vreck\u00e1 s pr\u00edklopkou na such\u00fd zips, zosilnen\u00e1 \u010das\u0165 v oblasti kolien s mo\u017enos\u0165ou vlo\u017eenia kolenn\u00fdch v\u00fdstuh,  1 multifunk\u010dn\u00e9 n\u00e1prsn\u00e9 vrecko na zips, bo\u010dn\u00e9 zap\u00ednanie  na gomb\u00edky, nastavite\u013en\u00e1 d\u013a\u017eka trakov,  \u010diasto\u010dne elastick\u00fd p\u00e1s,  spevnenie \u0161vov trojit\u00fdm pre\u0161it\u00edm, zn\u00e1soben\u00e9 pre\u0161itie v nam\u00e1han\u00fdch miestach, upravite\u013en\u00e1 d\u013a\u017eka nohav\u00edc.<\/p>\n","protected":false},"featured_media":338231,"template":"","meta":{"_acf_changed":false,"inline_featured_image":false},"product_brand":[],"product_cat":[2121,2127,2126],"product_tag":[1354],"class_list":{"0":"post-338229","1":"product","2":"type-product","3":"status-publish","4":"has-post-thumbnail","6":"product_cat-odevy","7":"product_cat-nohavice","8":"product_cat-nohavice-a-overaly","9":"product_tag-assent","10":"pa_farba-biela","11":"pa_velkost-3123","12":"pa_velkost-3155","13":"pa_velkost-3157","14":"pa_velkost-3158","15":"pa_velkost-3159","16":"pa_velkost-3160","17":"pa_velkost-3161","18":"pa_velkost-3162","19":"pa_velkost-3175","20":"pa_velkost-3110","21":"pa_velkost-3112","23":"first","24":"instock","25":"taxable","26":"shipping-taxable","27":"purchasable","28":"product-type-variable"},"acf":[],"_links":{"self":[{"href":"https:\/\/gajos.sk\/eshop\/wp-json\/wp\/v2\/product\/338229","targetHints":{"allow":["GET"]}}],"collection":[{"href":"https:\/\/gajos.sk\/eshop\/wp-json\/wp\/v2\/product"}],"about":[{"href":"https:\/\/gajos.sk\/eshop\/wp-json\/wp\/v2\/types\/product"}],"wp:featuredmedia":[{"embeddable":true,"href":"https:\/\/gajos.sk\/eshop\/wp-json\/wp\/v2\/media\/338231"}],"wp:attachment":[{"href":"https:\/\/gajos.sk\/eshop\/wp-json\/wp\/v2\/media?parent=338229"}],"wp:term":[{"taxonomy":"product_brand","embeddable":true,"href":"https:\/\/gajos.sk\/eshop\/wp-json\/wp\/v2\/product_brand?post=338229"},{"taxonomy":"product_cat","embeddable":true,"href":"https:\/\/gajos.sk\/eshop\/wp-json\/wp\/v2\/product_cat?post=338229"},{"taxonomy":"product_tag","embeddable":true,"href":"https:\/\/gajos.sk\/eshop\/wp-json\/wp\/v2\/product_tag?post=338229"}],"curies":[{"name":"wp","href":"https:\/\/api.w.org\/{rel}","templated":true}]}}