{"id":338208,"date":"2024-03-01T20:07:38","date_gmt":"2024-03-01T19:07:38","guid":{"rendered":"https:\/\/gajostest.a2hosted.com\/eshop\/renmark-nohavice-naprs\/"},"modified":"2026-04-29T21:32:09","modified_gmt":"2026-04-29T19:32:09","slug":"renmark-nohavice-naprs","status":"publish","type":"product","link":"https:\/\/gajos.sk\/eshop\/p\/renmark-nohavice-naprs\/","title":{"rendered":"RENMARK nohavice n\u00e1prs."},"content":{"rendered":"","protected":false},"excerpt":{"rendered":"<p>P\u00e1nske pracovn\u00e9 nohavice s n\u00e1prsenkou, 2 odn\u00edmate\u013en\u00e9 multifunk\u010dn\u00e9 vreck\u00e1 na prednom diele, priestorn\u00e9 spodn\u00e9 vreck\u00e1 s mo\u017enos\u0165ou vlo\u017eenia odn\u00edmate\u013en\u00fdch vreciek, 1 multifunk\u010dn\u00e9 vrecko na \u013eavej nohavici s p\u00fatkom na kladivo, 2 priestorn\u00e9 vreck\u00e1 na n\u00e1radie na pravej nohavici, 2 skladan\u00e9 zadn\u00e9 vreck\u00e1 s pr\u00edklopkou na such\u00fd zips, zosilnen\u00e1 \u010das\u0165 v oblasti kolien s mo\u017enos\u0165ou vlo\u017eenia kolenn\u00fdch v\u00fdstuh, 2 multifunk\u010dn\u00e9 n\u00e1prsn\u00e9 vreck\u00e1, zap\u00ednanie na zips kryt\u00e9 l\u00e9gou na such\u00fd zips, nastavite\u013en\u00e1 d\u013a\u017eka trakov,  \u010diasto\u010dne elastick\u00fd p\u00e1s, bo\u010dn\u00e1 mo\u017enos\u0165 zap\u00ednania na d\u017e\u00ednsov\u00e9 gomb\u00edky, spevnenie \u0161vov trojit\u00fdm pre\u0161it\u00edm, zn\u00e1soben\u00e9 pre\u0161itie v nam\u00e1han\u00fdch miestach, upravite\u013en\u00e1 d\u013a\u017eka nohav\u00edc, reflex\u00edvne doplnky v zadnej \u010dasti kolien.<\/p>\n","protected":false},"featured_media":338210,"template":"","meta":{"_acf_changed":false,"inline_featured_image":false},"product_brand":[],"product_cat":[2121,2127,2126],"product_tag":[1354],"class_list":{"0":"post-338208","1":"product","2":"type-product","3":"status-publish","4":"has-post-thumbnail","6":"product_cat-odevy","7":"product_cat-nohavice","8":"product_cat-nohavice-a-overaly","9":"product_tag-assent","10":"pa_farba-pieskova","11":"pa_farba-siva","12":"pa_velkost-3123","13":"pa_velkost-3155","14":"pa_velkost-3157","15":"pa_velkost-3158","16":"pa_velkost-3160","17":"pa_velkost-3162","18":"pa_velkost-3175","19":"pa_velkost-3110","20":"pa_velkost-3112","21":"pa_velkost-3121","23":"first","24":"instock","25":"taxable","26":"shipping-taxable","27":"purchasable","28":"product-type-variable"},"acf":[],"_links":{"self":[{"href":"https:\/\/gajos.sk\/eshop\/wp-json\/wp\/v2\/product\/338208","targetHints":{"allow":["GET"]}}],"collection":[{"href":"https:\/\/gajos.sk\/eshop\/wp-json\/wp\/v2\/product"}],"about":[{"href":"https:\/\/gajos.sk\/eshop\/wp-json\/wp\/v2\/types\/product"}],"wp:featuredmedia":[{"embeddable":true,"href":"https:\/\/gajos.sk\/eshop\/wp-json\/wp\/v2\/media\/338210"}],"wp:attachment":[{"href":"https:\/\/gajos.sk\/eshop\/wp-json\/wp\/v2\/media?parent=338208"}],"wp:term":[{"taxonomy":"product_brand","embeddable":true,"href":"https:\/\/gajos.sk\/eshop\/wp-json\/wp\/v2\/product_brand?post=338208"},{"taxonomy":"product_cat","embeddable":true,"href":"https:\/\/gajos.sk\/eshop\/wp-json\/wp\/v2\/product_cat?post=338208"},{"taxonomy":"product_tag","embeddable":true,"href":"https:\/\/gajos.sk\/eshop\/wp-json\/wp\/v2\/product_tag?post=338208"}],"curies":[{"name":"wp","href":"https:\/\/api.w.org\/{rel}","templated":true}]}}