{"id":338139,"date":"2024-03-01T20:07:20","date_gmt":"2024-03-01T19:07:20","guid":{"rendered":"https:\/\/gajostest.a2hosted.com\/eshop\/max-rflx-nohavice-naprs\/"},"modified":"2026-05-07T21:26:27","modified_gmt":"2026-05-07T19:26:27","slug":"max-rflx-nohavice-naprs","status":"publish","type":"product","link":"https:\/\/gajos.sk\/eshop\/p\/max-rflx-nohavice-naprs\/","title":{"rendered":"MAX RFLX nohavice n\u00e1prs."},"content":{"rendered":"","protected":false},"excerpt":{"rendered":"<p>Inovovan\u00e1 verzia klasickej kolekcie MAX s pridan\u00fdmi reflexn\u00fdmi pruhmi v spodnej \u010dasti ruk\u00e1vov, nohav\u00edc a na zadnom diele bundy. Zaist\u00ed maxim\u00e1lnu bezpe\u010dnos\u0165  pri pr\u00e1ci i za zn\u00ed\u017eenej vidite\u013enosti.<\/p>\n","protected":false},"featured_media":338141,"template":"","meta":{"_acf_changed":false,"inline_featured_image":false},"product_brand":[],"product_cat":[2121,2127,2126],"product_tag":[1179],"class_list":{"0":"post-338139","1":"product","2":"type-product","3":"status-publish","4":"has-post-thumbnail","6":"product_cat-odevy","7":"product_cat-nohavice","8":"product_cat-nohavice-a-overaly","9":"product_tag-cerva","10":"pa_farba-modra-cierna","11":"pa_farba-zelena-cierna","12":"pa_velkost-3162","13":"pa_velkost-3110","14":"pa_velkost-3112","15":"pa_velkost-3121","16":"pa_velkost-3123","17":"pa_velkost-3155","18":"pa_velkost-3157","19":"pa_velkost-3158","20":"pa_velkost-3159","21":"pa_velkost-3160","22":"pa_velkost-3161","24":"first","25":"instock","26":"taxable","27":"shipping-taxable","28":"product-type-variable"},"acf":[],"_links":{"self":[{"href":"https:\/\/gajos.sk\/eshop\/wp-json\/wp\/v2\/product\/338139","targetHints":{"allow":["GET"]}}],"collection":[{"href":"https:\/\/gajos.sk\/eshop\/wp-json\/wp\/v2\/product"}],"about":[{"href":"https:\/\/gajos.sk\/eshop\/wp-json\/wp\/v2\/types\/product"}],"wp:featuredmedia":[{"embeddable":true,"href":"https:\/\/gajos.sk\/eshop\/wp-json\/wp\/v2\/media\/338141"}],"wp:attachment":[{"href":"https:\/\/gajos.sk\/eshop\/wp-json\/wp\/v2\/media?parent=338139"}],"wp:term":[{"taxonomy":"product_brand","embeddable":true,"href":"https:\/\/gajos.sk\/eshop\/wp-json\/wp\/v2\/product_brand?post=338139"},{"taxonomy":"product_cat","embeddable":true,"href":"https:\/\/gajos.sk\/eshop\/wp-json\/wp\/v2\/product_cat?post=338139"},{"taxonomy":"product_tag","embeddable":true,"href":"https:\/\/gajos.sk\/eshop\/wp-json\/wp\/v2\/product_tag?post=338139"}],"curies":[{"name":"wp","href":"https:\/\/api.w.org\/{rel}","templated":true}]}}