{"id":338037,"date":"2024-03-01T20:05:56","date_gmt":"2024-03-01T19:05:56","guid":{"rendered":"https:\/\/gajostest.a2hosted.com\/eshop\/max-summer-naprs-nohavice\/"},"modified":"2026-04-29T21:32:09","modified_gmt":"2026-04-29T19:32:09","slug":"max-summer-naprs-nohavice","status":"publish","type":"product","link":"https:\/\/gajos.sk\/eshop\/p\/max-summer-naprs-nohavice\/","title":{"rendered":"MAX SUMMER n\u00e1prs.nohavice"},"content":{"rendered":"","protected":false},"excerpt":{"rendered":"<p>\u2022 nov\u00fd variant ob\u013e\u00faben\u00fdch mont\u00e9rkov\u00fdch nohav\u00edc s n\u00e1prsenkou MAX z od\u013eah\u010den\u00e9ho bavlnen\u00e9ho materi\u00e1lu, ktor\u00fd zaist\u00ed komfort pri pr\u00e1ci v interi\u00e9roch a teplom po\u010das\u00ed<\/p>\n","protected":false},"featured_media":338039,"template":"","meta":{"_acf_changed":false,"inline_featured_image":false},"product_brand":[],"product_cat":[2121,2127,2126],"product_tag":[1179],"class_list":{"0":"post-338037","1":"product","2":"type-product","3":"status-publish","4":"has-post-thumbnail","6":"product_cat-odevy","7":"product_cat-nohavice","8":"product_cat-nohavice-a-overaly","9":"product_tag-cerva","10":"pa_farba-zelena-cierna","11":"pa_farba-petrolejova-cierna","12":"pa_farba-navy-antracit","13":"pa_farba-pieskova","14":"pa_farba-antracit-cierna","15":"pa_farba-biela-siva","16":"pa_farba-modra-cierna","17":"pa_velkost-3161","18":"pa_velkost-3110","19":"pa_velkost-3162","20":"pa_velkost-3112","21":"pa_velkost-3121","22":"pa_velkost-3123","23":"pa_velkost-3155","24":"pa_velkost-3157","25":"pa_velkost-3158","26":"pa_velkost-3159","27":"pa_velkost-3160","29":"first","30":"instock","31":"taxable","32":"shipping-taxable","33":"purchasable","34":"product-type-variable"},"acf":[],"_links":{"self":[{"href":"https:\/\/gajos.sk\/eshop\/wp-json\/wp\/v2\/product\/338037","targetHints":{"allow":["GET"]}}],"collection":[{"href":"https:\/\/gajos.sk\/eshop\/wp-json\/wp\/v2\/product"}],"about":[{"href":"https:\/\/gajos.sk\/eshop\/wp-json\/wp\/v2\/types\/product"}],"wp:featuredmedia":[{"embeddable":true,"href":"https:\/\/gajos.sk\/eshop\/wp-json\/wp\/v2\/media\/338039"}],"wp:attachment":[{"href":"https:\/\/gajos.sk\/eshop\/wp-json\/wp\/v2\/media?parent=338037"}],"wp:term":[{"taxonomy":"product_brand","embeddable":true,"href":"https:\/\/gajos.sk\/eshop\/wp-json\/wp\/v2\/product_brand?post=338037"},{"taxonomy":"product_cat","embeddable":true,"href":"https:\/\/gajos.sk\/eshop\/wp-json\/wp\/v2\/product_cat?post=338037"},{"taxonomy":"product_tag","embeddable":true,"href":"https:\/\/gajos.sk\/eshop\/wp-json\/wp\/v2\/product_tag?post=338037"}],"curies":[{"name":"wp","href":"https:\/\/api.w.org\/{rel}","templated":true}]}}