{"id":337840,"date":"2024-03-01T20:05:06","date_gmt":"2024-03-01T19:05:06","guid":{"rendered":"https:\/\/gajostest.a2hosted.com\/eshop\/epping-new-nohavice-hv\/"},"modified":"2026-04-29T21:30:50","modified_gmt":"2026-04-29T19:30:50","slug":"epping-new-nohavice-hv","status":"publish","type":"product","link":"https:\/\/gajos.sk\/eshop\/p\/epping-new-nohavice-hv\/","title":{"rendered":"EPPING NEW nohavice HV"},"content":{"rendered":"","protected":false},"excerpt":{"rendered":"<p>\u2022 Hi-Vis nezateplen\u00e9 nohavice bez pod\u0161\u00edvky s reflexn\u00fdmi pruhmi \u2022 podlepen\u00e9 \u0161vy \u2022 vodeodolnos\u0165 tr. 3 pod\u013ea normy EN 343 a paropriepustnos\u0165 tr. 1 pod\u013ea normy EN 343 \u2022 refl exn\u00e9 pruhy 3M \u2022 spodn\u00fd lem nohav\u00edc s regul\u00e1ciou na plastov\u00e9 cvoky<\/p>\n","protected":false},"featured_media":337842,"template":"","meta":{"_acf_changed":false,"inline_featured_image":false},"product_brand":[],"product_cat":[2127,2121,2126],"product_tag":[1179],"class_list":{"0":"post-337840","1":"product","2":"type-product","3":"status-publish","4":"has-post-thumbnail","6":"product_cat-nohavice","7":"product_cat-odevy","8":"product_cat-nohavice-a-overaly","9":"product_tag-cerva","10":"pa_farba-zlta","11":"pa_farba-oranzova","12":"pa_velkost-xl","13":"pa_velkost-l","14":"pa_velkost-m","15":"pa_velkost-s","16":"pa_velkost-3xl","17":"pa_velkost-xxl","19":"first","20":"instock","21":"taxable","22":"shipping-taxable","23":"purchasable","24":"product-type-variable"},"acf":[],"_links":{"self":[{"href":"https:\/\/gajos.sk\/eshop\/wp-json\/wp\/v2\/product\/337840","targetHints":{"allow":["GET"]}}],"collection":[{"href":"https:\/\/gajos.sk\/eshop\/wp-json\/wp\/v2\/product"}],"about":[{"href":"https:\/\/gajos.sk\/eshop\/wp-json\/wp\/v2\/types\/product"}],"wp:featuredmedia":[{"embeddable":true,"href":"https:\/\/gajos.sk\/eshop\/wp-json\/wp\/v2\/media\/337842"}],"wp:attachment":[{"href":"https:\/\/gajos.sk\/eshop\/wp-json\/wp\/v2\/media?parent=337840"}],"wp:term":[{"taxonomy":"product_brand","embeddable":true,"href":"https:\/\/gajos.sk\/eshop\/wp-json\/wp\/v2\/product_brand?post=337840"},{"taxonomy":"product_cat","embeddable":true,"href":"https:\/\/gajos.sk\/eshop\/wp-json\/wp\/v2\/product_cat?post=337840"},{"taxonomy":"product_tag","embeddable":true,"href":"https:\/\/gajos.sk\/eshop\/wp-json\/wp\/v2\/product_tag?post=337840"}],"curies":[{"name":"wp","href":"https:\/\/api.w.org\/{rel}","templated":true}]}}