{"id":337816,"date":"2024-03-01T20:04:00","date_gmt":"2024-03-01T19:04:00","guid":{"rendered":"https:\/\/gajostest.a2hosted.com\/eshop\/ff-udo-be-01-006-nohavice-naprsenka\/"},"modified":"2026-04-18T01:28:39","modified_gmt":"2026-04-17T23:28:39","slug":"ff-udo-be-01-006-nohavice-naprsenka","status":"publish","type":"product","link":"https:\/\/gajos.sk\/eshop\/p\/ff-udo-be-01-006-nohavice-naprsenka\/","title":{"rendered":"FF UDO BE-01-006 nohavice n\u00e1prsenka"},"content":{"rendered":"","protected":false},"excerpt":{"rendered":"<p>Nohavice s n\u00e1prsenkou, s multifunk\u010dn\u00fdmi vreckami, zosilnenie na kolen\u00e1ch s mo\u017enos\u0165ou vlo\u017eenia n\u00e1kolenn\u00edkov.<\/p>\n","protected":false},"featured_media":337818,"template":"","meta":{"_acf_changed":false,"inline_featured_image":false},"product_brand":[],"product_cat":[2127,2121,2126],"product_tag":[1228],"class_list":{"0":"post-337816","1":"product","2":"type-product","3":"status-publish","4":"has-post-thumbnail","6":"product_cat-nohavice","7":"product_cat-odevy","8":"product_cat-nohavice-a-overaly","9":"product_tag-fridrich-fridrich","10":"pa_farba-modra","11":"pa_farba-navy","12":"pa_velkost-3158","13":"pa_velkost-3159","14":"pa_velkost-3160","15":"pa_velkost-3161","16":"pa_velkost-3110","17":"pa_velkost-3162","18":"pa_velkost-3112","19":"pa_velkost-3121","20":"pa_velkost-3123","21":"pa_velkost-3155","22":"pa_velkost-3157","24":"first","25":"instock","26":"taxable","27":"shipping-taxable","28":"purchasable","29":"product-type-variable"},"acf":[],"_links":{"self":[{"href":"https:\/\/gajos.sk\/eshop\/wp-json\/wp\/v2\/product\/337816","targetHints":{"allow":["GET"]}}],"collection":[{"href":"https:\/\/gajos.sk\/eshop\/wp-json\/wp\/v2\/product"}],"about":[{"href":"https:\/\/gajos.sk\/eshop\/wp-json\/wp\/v2\/types\/product"}],"wp:featuredmedia":[{"embeddable":true,"href":"https:\/\/gajos.sk\/eshop\/wp-json\/wp\/v2\/media\/337818"}],"wp:attachment":[{"href":"https:\/\/gajos.sk\/eshop\/wp-json\/wp\/v2\/media?parent=337816"}],"wp:term":[{"taxonomy":"product_brand","embeddable":true,"href":"https:\/\/gajos.sk\/eshop\/wp-json\/wp\/v2\/product_brand?post=337816"},{"taxonomy":"product_cat","embeddable":true,"href":"https:\/\/gajos.sk\/eshop\/wp-json\/wp\/v2\/product_cat?post=337816"},{"taxonomy":"product_tag","embeddable":true,"href":"https:\/\/gajos.sk\/eshop\/wp-json\/wp\/v2\/product_tag?post=337816"}],"curies":[{"name":"wp","href":"https:\/\/api.w.org\/{rel}","templated":true}]}}