{"id":337798,"date":"2024-03-01T20:03:55","date_gmt":"2024-03-01T19:03:55","guid":{"rendered":"https:\/\/gajostest.a2hosted.com\/eshop\/yowie-damske-nohavice\/"},"modified":"2026-04-25T21:31:14","modified_gmt":"2026-04-25T19:31:14","slug":"yowie-damske-nohavice","status":"publish","type":"product","link":"https:\/\/gajos.sk\/eshop\/p\/yowie-damske-nohavice\/","title":{"rendered":"YOWIE d\u00e1mske nohavice"},"content":{"rendered":"","protected":false},"excerpt":{"rendered":"<p>\u2022 d\u00e1mske nohavice z origin\u00e1lnej d\u00e1mskej kolekcie pracovn\u00fdch odevov v moder \u2022 ve\u013emi pohodln\u00fd a na \u00fadr\u017ebu praktick\u00fd materi\u00e1l zaist\u00ed komfort pri celoden \u2022 v\u010faka pr\u00eddavku Spandexu nohavice dr\u017eia svoj tvar \u2022 vhodn\u00e9 do pr\u00e1ce i na vo\u013eno\u010dasov\u00e9 aktivity, do z\u00e1hrady<\/p>\n","protected":false},"featured_media":337800,"template":"","meta":{"_acf_changed":false,"inline_featured_image":false},"product_brand":[],"product_cat":[2121,2127,2126],"product_tag":[1244],"class_list":{"0":"post-337798","1":"product","2":"type-product","3":"status-publish","4":"has-post-thumbnail","6":"product_cat-odevy","7":"product_cat-nohavice","8":"product_cat-nohavice-a-overaly","9":"product_tag-crv","10":"pa_farba-hneda-zelena","11":"pa_farba-navy-sv-fialova","12":"pa_velkost-3110","13":"pa_velkost-3112","14":"pa_velkost-3114","15":"pa_velkost-3116","16":"pa_velkost-3118","17":"pa_velkost-3120","18":"pa_velkost-3121","19":"pa_velkost-3195","21":"first","22":"instock","23":"taxable","24":"shipping-taxable","25":"purchasable","26":"product-type-variable"},"acf":[],"_links":{"self":[{"href":"https:\/\/gajos.sk\/eshop\/wp-json\/wp\/v2\/product\/337798","targetHints":{"allow":["GET"]}}],"collection":[{"href":"https:\/\/gajos.sk\/eshop\/wp-json\/wp\/v2\/product"}],"about":[{"href":"https:\/\/gajos.sk\/eshop\/wp-json\/wp\/v2\/types\/product"}],"wp:featuredmedia":[{"embeddable":true,"href":"https:\/\/gajos.sk\/eshop\/wp-json\/wp\/v2\/media\/337800"}],"wp:attachment":[{"href":"https:\/\/gajos.sk\/eshop\/wp-json\/wp\/v2\/media?parent=337798"}],"wp:term":[{"taxonomy":"product_brand","embeddable":true,"href":"https:\/\/gajos.sk\/eshop\/wp-json\/wp\/v2\/product_brand?post=337798"},{"taxonomy":"product_cat","embeddable":true,"href":"https:\/\/gajos.sk\/eshop\/wp-json\/wp\/v2\/product_cat?post=337798"},{"taxonomy":"product_tag","embeddable":true,"href":"https:\/\/gajos.sk\/eshop\/wp-json\/wp\/v2\/product_tag?post=337798"}],"curies":[{"name":"wp","href":"https:\/\/api.w.org\/{rel}","templated":true}]}}