{"id":337778,"date":"2024-03-01T20:03:48","date_gmt":"2024-03-01T19:03:48","guid":{"rendered":"https:\/\/gajostest.a2hosted.com\/eshop\/emerton-flannel-nohavice-naprs\/"},"modified":"2026-04-15T21:30:59","modified_gmt":"2026-04-15T19:30:59","slug":"emerton-flannel-nohavice-naprs","status":"publish","type":"product","link":"https:\/\/gajos.sk\/eshop\/p\/emerton-flannel-nohavice-naprs\/","title":{"rendered":"EMERTON FLANNEL nohavice n\u00e1prs."},"content":{"rendered":"","protected":false},"excerpt":{"rendered":"<p>\u2022 zateplen\u00e1 verzia \u0161tandardn\u00fdch mont\u00e9rok EMERTON \u2022 vn\u00fatorn\u00e1 vrstva bavlnen\u00fd flanel \u2022 tepeln\u00fd komfort pri pr\u00e1ci i pri ni\u017e\u0161\u00edch vonkaj\u0161\u00edch teplot\u00e1ch \u2022 mont\u00e9rkov\u00e9 nohavice s n\u00e1prsenkou pohodln\u00e9ho strihu a s vysokou odolnos\u0165o \u2022 nam\u00e1han\u00e9 miesta vystu\u017een\u00e9 materi\u00e1lom polyester 600D \u2022 zosilnen\u00e9 zdvojen\u00e9 kolen\u00e1 pre vlo\u017eenie n\u00e1kolenn\u00edkov \u2022 p\u00fatko na kladivo<\/p>\n","protected":false},"featured_media":337780,"template":"","meta":{"_acf_changed":false,"inline_featured_image":false},"product_brand":[],"product_cat":[2121,2127,2126],"product_tag":[1343],"class_list":{"0":"post-337778","1":"product","2":"type-product","3":"status-publish","4":"has-post-thumbnail","6":"product_cat-odevy","7":"product_cat-nohavice","8":"product_cat-nohavice-a-overaly","9":"product_tag-australian-line","10":"pa_farba-cierna","11":"pa_velkost-3123","12":"pa_velkost-3155","13":"pa_velkost-3157","14":"pa_velkost-3158","15":"pa_velkost-3159","16":"pa_velkost-3160","17":"pa_velkost-3161","18":"pa_velkost-3121","20":"first","21":"instock","22":"taxable","23":"shipping-taxable","24":"purchasable","25":"product-type-variable"},"acf":[],"_links":{"self":[{"href":"https:\/\/gajos.sk\/eshop\/wp-json\/wp\/v2\/product\/337778","targetHints":{"allow":["GET"]}}],"collection":[{"href":"https:\/\/gajos.sk\/eshop\/wp-json\/wp\/v2\/product"}],"about":[{"href":"https:\/\/gajos.sk\/eshop\/wp-json\/wp\/v2\/types\/product"}],"wp:featuredmedia":[{"embeddable":true,"href":"https:\/\/gajos.sk\/eshop\/wp-json\/wp\/v2\/media\/337780"}],"wp:attachment":[{"href":"https:\/\/gajos.sk\/eshop\/wp-json\/wp\/v2\/media?parent=337778"}],"wp:term":[{"taxonomy":"product_brand","embeddable":true,"href":"https:\/\/gajos.sk\/eshop\/wp-json\/wp\/v2\/product_brand?post=337778"},{"taxonomy":"product_cat","embeddable":true,"href":"https:\/\/gajos.sk\/eshop\/wp-json\/wp\/v2\/product_cat?post=337778"},{"taxonomy":"product_tag","embeddable":true,"href":"https:\/\/gajos.sk\/eshop\/wp-json\/wp\/v2\/product_tag?post=337778"}],"curies":[{"name":"wp","href":"https:\/\/api.w.org\/{rel}","templated":true}]}}