{"id":337752,"date":"2024-03-01T20:03:42","date_gmt":"2024-03-01T19:03:42","guid":{"rendered":"https:\/\/gajostest.a2hosted.com\/eshop\/chena-crv-nohavice\/"},"modified":"2026-04-25T21:31:14","modified_gmt":"2026-04-25T19:31:14","slug":"chena-crv-nohavice","status":"publish","type":"product","link":"https:\/\/gajos.sk\/eshop\/p\/chena-crv-nohavice\/","title":{"rendered":"CHENA CRV nohavice"},"content":{"rendered":"","protected":false},"excerpt":{"rendered":"<p>\u2022 p\u00e1nske vo\u013eno\u010dasov\u00e9 nohavice \u2022 prepracovan\u00e9 detaily \u2022 modern\u00fd a pohodln\u00fd strih so zauj\u00edmav\u00fdm rie\u0161en\u00edm vreciek<\/p>\n","protected":false},"featured_media":337754,"template":"","meta":{"_acf_changed":false,"inline_featured_image":false},"product_brand":[],"product_cat":[2127,2121,2126],"product_tag":[1244],"class_list":{"0":"post-337752","1":"product","2":"type-product","3":"status-publish","4":"has-post-thumbnail","6":"product_cat-nohavice","7":"product_cat-odevy","8":"product_cat-nohavice-a-overaly","9":"product_tag-crv","10":"pa_farba-cierna","11":"pa_farba-siva","12":"pa_farba-bezova","13":"pa_farba-olivova","14":"pa_velkost-xl","15":"pa_velkost-l","16":"pa_velkost-m","17":"pa_velkost-s","18":"pa_velkost-3xl","19":"pa_velkost-xxl","21":"first","22":"instock","23":"taxable","24":"shipping-taxable","25":"purchasable","26":"product-type-variable"},"acf":[],"_links":{"self":[{"href":"https:\/\/gajos.sk\/eshop\/wp-json\/wp\/v2\/product\/337752","targetHints":{"allow":["GET"]}}],"collection":[{"href":"https:\/\/gajos.sk\/eshop\/wp-json\/wp\/v2\/product"}],"about":[{"href":"https:\/\/gajos.sk\/eshop\/wp-json\/wp\/v2\/types\/product"}],"wp:featuredmedia":[{"embeddable":true,"href":"https:\/\/gajos.sk\/eshop\/wp-json\/wp\/v2\/media\/337754"}],"wp:attachment":[{"href":"https:\/\/gajos.sk\/eshop\/wp-json\/wp\/v2\/media?parent=337752"}],"wp:term":[{"taxonomy":"product_brand","embeddable":true,"href":"https:\/\/gajos.sk\/eshop\/wp-json\/wp\/v2\/product_brand?post=337752"},{"taxonomy":"product_cat","embeddable":true,"href":"https:\/\/gajos.sk\/eshop\/wp-json\/wp\/v2\/product_cat?post=337752"},{"taxonomy":"product_tag","embeddable":true,"href":"https:\/\/gajos.sk\/eshop\/wp-json\/wp\/v2\/product_tag?post=337752"}],"curies":[{"name":"wp","href":"https:\/\/api.w.org\/{rel}","templated":true}]}}