{"id":337744,"date":"2024-03-01T20:03:39","date_gmt":"2024-03-01T19:03:39","guid":{"rendered":"https:\/\/gajostest.a2hosted.com\/eshop\/wellsford-nohavice\/"},"modified":"2026-04-15T21:30:59","modified_gmt":"2026-04-15T19:30:59","slug":"wellsford-nohavice","status":"publish","type":"product","link":"https:\/\/gajos.sk\/eshop\/p\/wellsford-nohavice\/","title":{"rendered":"WELLSFORD nohavice"},"content":{"rendered":"","protected":false},"excerpt":{"rendered":"<p>Nehor\u013eav\u00e9, antistatick\u00e9, vysoko priedu\u0161n\u00e9, vodeodoln\u00e9 a vetruodoln\u00e9 nohavice. Vysok\u00e1 odolnos\u0165 proti roztrhaniu. Elastick\u00fd p\u00e1s, podlepen\u00e9 \u0161vy nastavite\u013en\u00e1 \u0161\u00edrka nohav\u00edc. Vn\u00fatorn\u00e1 nehor\u013eav\u00e1 bavlnen\u00e1 pod\u0161\u00edvka.<\/p>\n","protected":false},"featured_media":337746,"template":"","meta":{"_acf_changed":false,"inline_featured_image":false},"product_brand":[],"product_cat":[2121,2127,2126],"product_tag":[1238],"class_list":{"0":"post-337744","1":"product","2":"type-product","3":"status-publish","4":"has-post-thumbnail","6":"product_cat-odevy","7":"product_cat-nohavice","8":"product_cat-nohavice-a-overaly","9":"product_tag-sioen","10":"pa_farba-navy","11":"pa_velkost-3xl","12":"pa_velkost-xxl","13":"pa_velkost-xl","14":"pa_velkost-l","15":"pa_velkost-m","16":"pa_velkost-s","18":"first","19":"instock","20":"taxable","21":"shipping-taxable","22":"purchasable","23":"product-type-variable"},"acf":[],"_links":{"self":[{"href":"https:\/\/gajos.sk\/eshop\/wp-json\/wp\/v2\/product\/337744","targetHints":{"allow":["GET"]}}],"collection":[{"href":"https:\/\/gajos.sk\/eshop\/wp-json\/wp\/v2\/product"}],"about":[{"href":"https:\/\/gajos.sk\/eshop\/wp-json\/wp\/v2\/types\/product"}],"wp:featuredmedia":[{"embeddable":true,"href":"https:\/\/gajos.sk\/eshop\/wp-json\/wp\/v2\/media\/337746"}],"wp:attachment":[{"href":"https:\/\/gajos.sk\/eshop\/wp-json\/wp\/v2\/media?parent=337744"}],"wp:term":[{"taxonomy":"product_brand","embeddable":true,"href":"https:\/\/gajos.sk\/eshop\/wp-json\/wp\/v2\/product_brand?post=337744"},{"taxonomy":"product_cat","embeddable":true,"href":"https:\/\/gajos.sk\/eshop\/wp-json\/wp\/v2\/product_cat?post=337744"},{"taxonomy":"product_tag","embeddable":true,"href":"https:\/\/gajos.sk\/eshop\/wp-json\/wp\/v2\/product_tag?post=337744"}],"curies":[{"name":"wp","href":"https:\/\/api.w.org\/{rel}","templated":true}]}}