{"id":337714,"date":"2024-03-01T20:03:28","date_gmt":"2024-03-01T19:03:28","guid":{"rendered":"https:\/\/gajostest.a2hosted.com\/eshop\/nulato-crv-nohavice\/"},"modified":"2026-04-25T21:31:14","modified_gmt":"2026-04-25T19:31:14","slug":"nulato-crv-nohavice","status":"publish","type":"product","link":"https:\/\/gajos.sk\/eshop\/p\/nulato-crv-nohavice\/","title":{"rendered":"NULATO CRV nohavice"},"content":{"rendered":"","protected":false},"excerpt":{"rendered":"<p>Outdoorov\u00e9 nohavice z kvalitn\u00fdch materi\u00e1lov so \u0161irokou \u0161k\u00e1lou vyu\u017eitia.<\/p>\n","protected":false},"featured_media":337716,"template":"","meta":{"_acf_changed":false,"inline_featured_image":false},"product_brand":[],"product_cat":[2121,2127,2126],"product_tag":[1244],"class_list":{"0":"post-337714","1":"product","2":"type-product","3":"status-publish","4":"has-post-thumbnail","6":"product_cat-odevy","7":"product_cat-nohavice","8":"product_cat-nohavice-a-overaly","9":"product_tag-crv","10":"pa_farba-siva","11":"pa_velkost-l","12":"pa_velkost-m","13":"pa_velkost-s","14":"pa_velkost-3xl","15":"pa_velkost-xxl","16":"pa_velkost-xl","18":"first","19":"instock","20":"taxable","21":"shipping-taxable","22":"purchasable","23":"product-type-variable"},"acf":[],"_links":{"self":[{"href":"https:\/\/gajos.sk\/eshop\/wp-json\/wp\/v2\/product\/337714","targetHints":{"allow":["GET"]}}],"collection":[{"href":"https:\/\/gajos.sk\/eshop\/wp-json\/wp\/v2\/product"}],"about":[{"href":"https:\/\/gajos.sk\/eshop\/wp-json\/wp\/v2\/types\/product"}],"wp:featuredmedia":[{"embeddable":true,"href":"https:\/\/gajos.sk\/eshop\/wp-json\/wp\/v2\/media\/337716"}],"wp:attachment":[{"href":"https:\/\/gajos.sk\/eshop\/wp-json\/wp\/v2\/media?parent=337714"}],"wp:term":[{"taxonomy":"product_brand","embeddable":true,"href":"https:\/\/gajos.sk\/eshop\/wp-json\/wp\/v2\/product_brand?post=337714"},{"taxonomy":"product_cat","embeddable":true,"href":"https:\/\/gajos.sk\/eshop\/wp-json\/wp\/v2\/product_cat?post=337714"},{"taxonomy":"product_tag","embeddable":true,"href":"https:\/\/gajos.sk\/eshop\/wp-json\/wp\/v2\/product_tag?post=337714"}],"curies":[{"name":"wp","href":"https:\/\/api.w.org\/{rel}","templated":true}]}}