{"id":337513,"date":"2024-03-01T20:01:38","date_gmt":"2024-03-01T19:01:38","guid":{"rendered":"https:\/\/gajostest.a2hosted.com\/eshop\/max-nohavice-s-naprs\/"},"modified":"2026-04-11T17:50:42","modified_gmt":"2026-04-11T15:50:42","slug":"max-nohavice-s-naprs","status":"publish","type":"product","link":"https:\/\/gajos.sk\/eshop\/p\/max-nohavice-s-naprs\/","title":{"rendered":"MAX nohavice s n\u00e1prs."},"content":{"rendered":"","protected":false},"excerpt":{"rendered":"<p>p\u00e1nske pracovn\u00e9 nohavice s n\u00e1prsenkou a elastick\u00fdm p\u00e1som; \u0161irok\u00e9 traky s plastov\u00fdmi sponami; 2 predn\u00e9 kapsy, 2 stehenn\u00ed kapsy; 1 ve\u013ek\u00e9 n\u00e1prsn\u00e9 vrecko na zips, 2 zadn\u00e9 vreck\u00e1; zosilnen\u00e1 oblas\u0165 kolien.<\/p>\n","protected":false},"featured_media":337515,"template":"","meta":{"_acf_changed":false,"inline_featured_image":false},"product_brand":[],"product_cat":[2121,2127,2126],"product_tag":[1179],"class_list":{"0":"post-337513","1":"product","2":"type-product","3":"status-publish","4":"has-post-thumbnail","6":"product_cat-odevy","7":"product_cat-nohavice","8":"product_cat-nohavice-a-overaly","9":"product_tag-cerva","10":"pa_farba-biela-siva","11":"pa_farba-modra-cierna","12":"pa_farba-zelena-cierna","13":"pa_farba-cervena-cierna","14":"pa_velkost-3155","15":"pa_velkost-3157","16":"pa_velkost-3158","17":"pa_velkost-3159","18":"pa_velkost-3160","19":"pa_velkost-3161","20":"pa_velkost-3110","21":"pa_velkost-3162","22":"pa_velkost-3112","23":"pa_velkost-3121","24":"pa_velkost-3174","25":"pa_velkost-3123","26":"pa_velkost-3175","28":"first","29":"instock","30":"taxable","31":"shipping-taxable","32":"product-type-variable"},"acf":[],"_links":{"self":[{"href":"https:\/\/gajos.sk\/eshop\/wp-json\/wp\/v2\/product\/337513","targetHints":{"allow":["GET"]}}],"collection":[{"href":"https:\/\/gajos.sk\/eshop\/wp-json\/wp\/v2\/product"}],"about":[{"href":"https:\/\/gajos.sk\/eshop\/wp-json\/wp\/v2\/types\/product"}],"wp:featuredmedia":[{"embeddable":true,"href":"https:\/\/gajos.sk\/eshop\/wp-json\/wp\/v2\/media\/337515"}],"wp:attachment":[{"href":"https:\/\/gajos.sk\/eshop\/wp-json\/wp\/v2\/media?parent=337513"}],"wp:term":[{"taxonomy":"product_brand","embeddable":true,"href":"https:\/\/gajos.sk\/eshop\/wp-json\/wp\/v2\/product_brand?post=337513"},{"taxonomy":"product_cat","embeddable":true,"href":"https:\/\/gajos.sk\/eshop\/wp-json\/wp\/v2\/product_cat?post=337513"},{"taxonomy":"product_tag","embeddable":true,"href":"https:\/\/gajos.sk\/eshop\/wp-json\/wp\/v2\/product_tag?post=337513"}],"curies":[{"name":"wp","href":"https:\/\/api.w.org\/{rel}","templated":true}]}}