{"id":337449,"date":"2024-03-01T20:01:24","date_gmt":"2024-03-01T19:01:24","guid":{"rendered":"https:\/\/gajostest.a2hosted.com\/eshop\/max-nohavice-260-g-m2\/"},"modified":"2026-04-11T17:50:42","modified_gmt":"2026-04-11T15:50:42","slug":"max-nohavice-260-g-m2","status":"publish","type":"product","link":"https:\/\/gajos.sk\/eshop\/p\/max-nohavice-260-g-m2\/","title":{"rendered":"MAX nohavice 260 g\/m2"},"content":{"rendered":"","protected":false},"excerpt":{"rendered":"<p>p\u00e1nske pracovn\u00e9 nohavice s elastick\u00fdm p\u00e1som; 2 predn\u00e9 vreck\u00e1, 2 stehenn\u00e9 vreck\u00e1, 2 zadn\u00e9 vreck\u00e1; zosilnen\u00e1 oblas\u0165 kolien.<\/p>\n","protected":false},"featured_media":337451,"template":"","meta":{"_acf_changed":false,"inline_featured_image":false},"product_brand":[],"product_cat":[2121,2127,2126],"product_tag":[1179],"class_list":{"0":"post-337449","1":"product","2":"type-product","3":"status-publish","4":"has-post-thumbnail","6":"product_cat-odevy","7":"product_cat-nohavice","8":"product_cat-nohavice-a-overaly","9":"product_tag-cerva","10":"pa_farba-cierna-siva","11":"pa_farba-zelena-cierna","12":"pa_farba-cervena-cierna","13":"pa_farba-biela-siva","14":"pa_farba-modra-cierna","15":"pa_velkost-3160","16":"pa_velkost-3161","17":"pa_velkost-3110","18":"pa_velkost-3162","19":"pa_velkost-3112","20":"pa_velkost-3121","21":"pa_velkost-3174","22":"pa_velkost-3123","23":"pa_velkost-3175","24":"pa_velkost-3155","25":"pa_velkost-3157","26":"pa_velkost-3158","27":"pa_velkost-3159","29":"first","30":"instock","31":"taxable","32":"shipping-taxable","33":"product-type-variable"},"acf":[],"_links":{"self":[{"href":"https:\/\/gajos.sk\/eshop\/wp-json\/wp\/v2\/product\/337449","targetHints":{"allow":["GET"]}}],"collection":[{"href":"https:\/\/gajos.sk\/eshop\/wp-json\/wp\/v2\/product"}],"about":[{"href":"https:\/\/gajos.sk\/eshop\/wp-json\/wp\/v2\/types\/product"}],"wp:featuredmedia":[{"embeddable":true,"href":"https:\/\/gajos.sk\/eshop\/wp-json\/wp\/v2\/media\/337451"}],"wp:attachment":[{"href":"https:\/\/gajos.sk\/eshop\/wp-json\/wp\/v2\/media?parent=337449"}],"wp:term":[{"taxonomy":"product_brand","embeddable":true,"href":"https:\/\/gajos.sk\/eshop\/wp-json\/wp\/v2\/product_brand?post=337449"},{"taxonomy":"product_cat","embeddable":true,"href":"https:\/\/gajos.sk\/eshop\/wp-json\/wp\/v2\/product_cat?post=337449"},{"taxonomy":"product_tag","embeddable":true,"href":"https:\/\/gajos.sk\/eshop\/wp-json\/wp\/v2\/product_tag?post=337449"}],"curies":[{"name":"wp","href":"https:\/\/api.w.org\/{rel}","templated":true}]}}