{"id":337403,"date":"2024-03-01T20:01:09","date_gmt":"2024-03-01T19:01:09","guid":{"rendered":"https:\/\/gajostest.a2hosted.com\/eshop\/tayra-nohavice-do-pasa\/"},"modified":"2026-04-30T21:34:37","modified_gmt":"2026-04-30T19:34:37","slug":"tayra-nohavice-do-pasa","status":"publish","type":"product","link":"https:\/\/gajos.sk\/eshop\/p\/tayra-nohavice-do-pasa\/","title":{"rendered":"TAYRA nohavice do p\u00e1sa"},"content":{"rendered":"","protected":false},"excerpt":{"rendered":"<p>&#8211; p\u00fatka a guma v p\u00e1se &#8211; zap\u00ednanie na gomb\u00edk a zips &#8211; zadn\u00e9 na\u0161it\u00e9 vrecko vpravo &#8211; na pravej nohavici vrecko na skladac\u00ed meter &#8211; reflexn\u00e9 doplnky-2,5 cm \u0161irok\u00e9 p\u00e1sy<\/p>\n","protected":false},"featured_media":337405,"template":"","meta":{"_acf_changed":false,"inline_featured_image":false},"product_brand":[],"product_cat":[2121,2127,2126],"product_tag":[1179],"class_list":{"0":"post-337403","1":"product","2":"type-product","3":"status-publish","4":"has-post-thumbnail","6":"product_cat-odevy","7":"product_cat-nohavice","8":"product_cat-nohavice-a-overaly","9":"product_tag-cerva","10":"pa_farba-cervena","11":"pa_velkost-3123","12":"pa_velkost-3155","13":"pa_velkost-3157","14":"pa_velkost-3159","15":"pa_velkost-3160","16":"pa_velkost-3161","18":"first","19":"instock","20":"taxable","21":"shipping-taxable","22":"purchasable","23":"product-type-variable"},"acf":[],"_links":{"self":[{"href":"https:\/\/gajos.sk\/eshop\/wp-json\/wp\/v2\/product\/337403","targetHints":{"allow":["GET"]}}],"collection":[{"href":"https:\/\/gajos.sk\/eshop\/wp-json\/wp\/v2\/product"}],"about":[{"href":"https:\/\/gajos.sk\/eshop\/wp-json\/wp\/v2\/types\/product"}],"wp:featuredmedia":[{"embeddable":true,"href":"https:\/\/gajos.sk\/eshop\/wp-json\/wp\/v2\/media\/337405"}],"wp:attachment":[{"href":"https:\/\/gajos.sk\/eshop\/wp-json\/wp\/v2\/media?parent=337403"}],"wp:term":[{"taxonomy":"product_brand","embeddable":true,"href":"https:\/\/gajos.sk\/eshop\/wp-json\/wp\/v2\/product_brand?post=337403"},{"taxonomy":"product_cat","embeddable":true,"href":"https:\/\/gajos.sk\/eshop\/wp-json\/wp\/v2\/product_cat?post=337403"},{"taxonomy":"product_tag","embeddable":true,"href":"https:\/\/gajos.sk\/eshop\/wp-json\/wp\/v2\/product_tag?post=337403"}],"curies":[{"name":"wp","href":"https:\/\/api.w.org\/{rel}","templated":true}]}}