{"id":337291,"date":"2024-03-01T19:59:29","date_gmt":"2024-03-01T18:59:29","guid":{"rendered":"https:\/\/gajostest.a2hosted.com\/eshop\/ticino-nohavice-hv\/"},"modified":"2026-05-01T21:30:49","modified_gmt":"2026-05-01T19:30:49","slug":"ticino-nohavice-hv","status":"publish","type":"product","link":"https:\/\/gajos.sk\/eshop\/p\/ticino-nohavice-hv\/","title":{"rendered":"TICINO nohavice HV"},"content":{"rendered":"","protected":false},"excerpt":{"rendered":"<p>V\u00fdstra\u017en\u00e9 nohavice s vysokou vidite\u013enos\u0165ou pod\u013ea normy EN 471, podlepen\u00fdmi \u0161v\u00edkmi, vodotesnos\u0165 tr. 3 pod\u013ea normy EN 343:2003.<\/p>\n","protected":false},"featured_media":337293,"template":"","meta":{"_acf_changed":false,"inline_featured_image":false},"product_brand":[],"product_cat":[2121,2127,2126],"product_tag":[1179],"class_list":{"0":"post-337291","1":"product","2":"type-product","3":"status-publish","4":"has-post-thumbnail","6":"product_cat-odevy","7":"product_cat-nohavice","8":"product_cat-nohavice-a-overaly","9":"product_tag-cerva","10":"pa_farba-zlta","11":"pa_farba-oranzova","12":"pa_velkost-xl","13":"pa_velkost-l","14":"pa_velkost-m","15":"pa_velkost-s","16":"pa_velkost-3xl","17":"pa_velkost-xxl","19":"first","20":"instock","21":"taxable","22":"shipping-taxable","23":"purchasable","24":"product-type-variable"},"acf":[],"_links":{"self":[{"href":"https:\/\/gajos.sk\/eshop\/wp-json\/wp\/v2\/product\/337291","targetHints":{"allow":["GET"]}}],"collection":[{"href":"https:\/\/gajos.sk\/eshop\/wp-json\/wp\/v2\/product"}],"about":[{"href":"https:\/\/gajos.sk\/eshop\/wp-json\/wp\/v2\/types\/product"}],"wp:featuredmedia":[{"embeddable":true,"href":"https:\/\/gajos.sk\/eshop\/wp-json\/wp\/v2\/media\/337293"}],"wp:attachment":[{"href":"https:\/\/gajos.sk\/eshop\/wp-json\/wp\/v2\/media?parent=337291"}],"wp:term":[{"taxonomy":"product_brand","embeddable":true,"href":"https:\/\/gajos.sk\/eshop\/wp-json\/wp\/v2\/product_brand?post=337291"},{"taxonomy":"product_cat","embeddable":true,"href":"https:\/\/gajos.sk\/eshop\/wp-json\/wp\/v2\/product_cat?post=337291"},{"taxonomy":"product_tag","embeddable":true,"href":"https:\/\/gajos.sk\/eshop\/wp-json\/wp\/v2\/product_tag?post=337291"}],"curies":[{"name":"wp","href":"https:\/\/api.w.org\/{rel}","templated":true}]}}