{"id":337231,"date":"2024-03-01T19:59:15","date_gmt":"2024-03-01T18:59:15","guid":{"rendered":"https:\/\/gajostest.a2hosted.com\/eshop\/emerton-nohavice-naprs\/"},"modified":"2026-04-15T21:28:41","modified_gmt":"2026-04-15T19:28:41","slug":"emerton-nohavice-naprs","status":"publish","type":"product","link":"https:\/\/gajos.sk\/eshop\/p\/emerton-nohavice-naprs\/","title":{"rendered":"EMERTON nohavice n\u00e1prs."},"content":{"rendered":"","protected":false},"excerpt":{"rendered":"<p>\u2022 mont\u00e9rkov\u00e9 nohavice s n\u00e1prsenkou pohodln\u00e9ho strihu a s vysokou odolnos\u0165ou \u2022 nam\u00e1han\u00e9 miesta vystu\u017een\u00e9 materi\u00e1lom polyester 600D \u2022 zosilnen\u00e9 zdvojen\u00e9 kolen\u00e1 pre vlo\u017eenie n\u00e1kolenn\u00edkov \u2022 p\u00fatko na kladivo \u2022 vyroben\u00e9 do n\u00e1ro\u010dn\u00fdch podmienok<\/p>\n","protected":false},"featured_media":337233,"template":"","meta":{"_acf_changed":false,"inline_featured_image":false},"product_brand":[],"product_cat":[2127,2121,2126],"product_tag":[1343],"class_list":{"0":"post-337231","1":"product","2":"type-product","3":"status-publish","4":"has-post-thumbnail","6":"product_cat-nohavice","7":"product_cat-odevy","8":"product_cat-nohavice-a-overaly","9":"product_tag-australian-line","10":"pa_farba-oranzova","11":"pa_farba-navy","12":"pa_velkost-3159","13":"pa_velkost-3160","14":"pa_velkost-3161","15":"pa_velkost-3162","16":"pa_velkost-3110","17":"pa_velkost-3121","18":"pa_velkost-3123","19":"pa_velkost-3155","20":"pa_velkost-3157","21":"pa_velkost-3158","23":"first","24":"instock","25":"taxable","26":"shipping-taxable","27":"purchasable","28":"product-type-variable"},"acf":[],"_links":{"self":[{"href":"https:\/\/gajos.sk\/eshop\/wp-json\/wp\/v2\/product\/337231","targetHints":{"allow":["GET"]}}],"collection":[{"href":"https:\/\/gajos.sk\/eshop\/wp-json\/wp\/v2\/product"}],"about":[{"href":"https:\/\/gajos.sk\/eshop\/wp-json\/wp\/v2\/types\/product"}],"wp:featuredmedia":[{"embeddable":true,"href":"https:\/\/gajos.sk\/eshop\/wp-json\/wp\/v2\/media\/337233"}],"wp:attachment":[{"href":"https:\/\/gajos.sk\/eshop\/wp-json\/wp\/v2\/media?parent=337231"}],"wp:term":[{"taxonomy":"product_brand","embeddable":true,"href":"https:\/\/gajos.sk\/eshop\/wp-json\/wp\/v2\/product_brand?post=337231"},{"taxonomy":"product_cat","embeddable":true,"href":"https:\/\/gajos.sk\/eshop\/wp-json\/wp\/v2\/product_cat?post=337231"},{"taxonomy":"product_tag","embeddable":true,"href":"https:\/\/gajos.sk\/eshop\/wp-json\/wp\/v2\/product_tag?post=337231"}],"curies":[{"name":"wp","href":"https:\/\/api.w.org\/{rel}","templated":true}]}}