{"id":337205,"date":"2024-03-01T19:59:07","date_gmt":"2024-03-01T18:59:07","guid":{"rendered":"https:\/\/gajostest.a2hosted.com\/eshop\/apus-nohavice-damske\/"},"modified":"2026-05-01T21:30:49","modified_gmt":"2026-05-01T19:30:49","slug":"apus-nohavice-damske","status":"publish","type":"product","link":"https:\/\/gajos.sk\/eshop\/p\/apus-nohavice-damske\/","title":{"rendered":"APUS nohavice d\u00e1mske"},"content":{"rendered":"","protected":false},"excerpt":{"rendered":"<p>D\u00e1mske pracovn\u00e9 nohavice.<\/p>\n","protected":false},"featured_media":337207,"template":"","meta":{"_acf_changed":false,"inline_featured_image":false},"product_brand":[],"product_cat":[2121,2127,2126],"product_tag":[1179],"class_list":{"0":"post-337205","1":"product","2":"type-product","3":"status-publish","4":"has-post-thumbnail","6":"product_cat-odevy","7":"product_cat-nohavice","8":"product_cat-nohavice-a-overaly","9":"product_tag-cerva","10":"pa_farba-biela","11":"pa_velkost-3110","12":"pa_velkost-3160","13":"pa_velkost-3112","14":"pa_velkost-3161","15":"pa_velkost-3114","16":"pa_velkost-3116","17":"pa_velkost-3118","18":"pa_velkost-3120","19":"pa_velkost-3121","20":"pa_velkost-3123","21":"pa_velkost-3157","22":"pa_velkost-3158","23":"pa_velkost-3159","25":"first","26":"instock","27":"taxable","28":"shipping-taxable","29":"purchasable","30":"product-type-variable"},"acf":[],"_links":{"self":[{"href":"https:\/\/gajos.sk\/eshop\/wp-json\/wp\/v2\/product\/337205","targetHints":{"allow":["GET"]}}],"collection":[{"href":"https:\/\/gajos.sk\/eshop\/wp-json\/wp\/v2\/product"}],"about":[{"href":"https:\/\/gajos.sk\/eshop\/wp-json\/wp\/v2\/types\/product"}],"wp:featuredmedia":[{"embeddable":true,"href":"https:\/\/gajos.sk\/eshop\/wp-json\/wp\/v2\/media\/337207"}],"wp:attachment":[{"href":"https:\/\/gajos.sk\/eshop\/wp-json\/wp\/v2\/media?parent=337205"}],"wp:term":[{"taxonomy":"product_brand","embeddable":true,"href":"https:\/\/gajos.sk\/eshop\/wp-json\/wp\/v2\/product_brand?post=337205"},{"taxonomy":"product_cat","embeddable":true,"href":"https:\/\/gajos.sk\/eshop\/wp-json\/wp\/v2\/product_cat?post=337205"},{"taxonomy":"product_tag","embeddable":true,"href":"https:\/\/gajos.sk\/eshop\/wp-json\/wp\/v2\/product_tag?post=337205"}],"curies":[{"name":"wp","href":"https:\/\/api.w.org\/{rel}","templated":true}]}}