{"id":337183,"date":"2024-03-01T19:58:00","date_gmt":"2024-03-01T18:58:00","guid":{"rendered":"https:\/\/gajostest.a2hosted.com\/eshop\/desman-nohavice-2v1\/"},"modified":"2026-04-30T21:34:37","modified_gmt":"2026-04-30T19:34:37","slug":"desman-nohavice-2v1","status":"publish","type":"product","link":"https:\/\/gajos.sk\/eshop\/p\/desman-nohavice-2v1\/","title":{"rendered":"DESMAN nohavice 2v1"},"content":{"rendered":"","protected":false},"excerpt":{"rendered":"<p>Nohavice s odop\u00ednate\u013en\u00fdmi nohavicami pod kolenami a multifunk\u010dn\u00fdmi vreckami.<\/p>\n","protected":false},"featured_media":337185,"template":"","meta":{"_acf_changed":false,"inline_featured_image":false},"product_brand":[],"product_cat":[2121,2127,2126],"product_tag":[1343],"class_list":{"0":"post-337183","1":"product","2":"type-product","3":"status-publish","4":"has-post-thumbnail","6":"product_cat-odevy","7":"product_cat-nohavice","8":"product_cat-nohavice-a-overaly","9":"product_tag-australian-line","10":"pa_farba-oranzova","11":"pa_velkost-3155","12":"pa_velkost-3157","13":"pa_velkost-3158","14":"pa_velkost-3159","15":"pa_velkost-3160","16":"pa_velkost-3161","17":"pa_velkost-3110","18":"pa_velkost-3121","19":"pa_velkost-3123","21":"first","22":"instock","23":"taxable","24":"shipping-taxable","25":"purchasable","26":"product-type-variable"},"acf":[],"_links":{"self":[{"href":"https:\/\/gajos.sk\/eshop\/wp-json\/wp\/v2\/product\/337183","targetHints":{"allow":["GET"]}}],"collection":[{"href":"https:\/\/gajos.sk\/eshop\/wp-json\/wp\/v2\/product"}],"about":[{"href":"https:\/\/gajos.sk\/eshop\/wp-json\/wp\/v2\/types\/product"}],"wp:featuredmedia":[{"embeddable":true,"href":"https:\/\/gajos.sk\/eshop\/wp-json\/wp\/v2\/media\/337185"}],"wp:attachment":[{"href":"https:\/\/gajos.sk\/eshop\/wp-json\/wp\/v2\/media?parent=337183"}],"wp:term":[{"taxonomy":"product_brand","embeddable":true,"href":"https:\/\/gajos.sk\/eshop\/wp-json\/wp\/v2\/product_brand?post=337183"},{"taxonomy":"product_cat","embeddable":true,"href":"https:\/\/gajos.sk\/eshop\/wp-json\/wp\/v2\/product_cat?post=337183"},{"taxonomy":"product_tag","embeddable":true,"href":"https:\/\/gajos.sk\/eshop\/wp-json\/wp\/v2\/product_tag?post=337183"}],"curies":[{"name":"wp","href":"https:\/\/api.w.org\/{rel}","templated":true}]}}