{"id":337129,"date":"2024-03-01T19:57:43","date_gmt":"2024-03-01T18:57:43","guid":{"rendered":"https:\/\/gajostest.a2hosted.com\/eshop\/rhino-nohavice\/"},"modified":"2026-05-01T21:28:44","modified_gmt":"2026-05-01T19:28:44","slug":"rhino-nohavice","status":"publish","type":"product","link":"https:\/\/gajos.sk\/eshop\/p\/rhino-nohavice\/","title":{"rendered":"RHINO nohavice"},"content":{"rendered":"","protected":false},"excerpt":{"rendered":"<p>\u013dahk\u00e9 pracovn\u00e9 nohavice.<\/p>\n","protected":false},"featured_media":337131,"template":"","meta":{"_acf_changed":false,"inline_featured_image":false},"product_brand":[],"product_cat":[2121,2127,2126],"product_tag":[1179],"class_list":{"0":"post-337129","1":"product","2":"type-product","3":"status-publish","4":"has-post-thumbnail","6":"product_cat-odevy","7":"product_cat-nohavice","8":"product_cat-nohavice-a-overaly","9":"product_tag-cerva","10":"pa_farba-cierna","11":"pa_velkost-3121","12":"pa_velkost-3123","13":"pa_velkost-3155","14":"pa_velkost-3157","15":"pa_velkost-3158","16":"pa_velkost-3159","17":"pa_velkost-3160","18":"pa_velkost-3161","20":"first","21":"instock","22":"taxable","23":"shipping-taxable","24":"purchasable","25":"product-type-variable"},"acf":[],"_links":{"self":[{"href":"https:\/\/gajos.sk\/eshop\/wp-json\/wp\/v2\/product\/337129","targetHints":{"allow":["GET"]}}],"collection":[{"href":"https:\/\/gajos.sk\/eshop\/wp-json\/wp\/v2\/product"}],"about":[{"href":"https:\/\/gajos.sk\/eshop\/wp-json\/wp\/v2\/types\/product"}],"wp:featuredmedia":[{"embeddable":true,"href":"https:\/\/gajos.sk\/eshop\/wp-json\/wp\/v2\/media\/337131"}],"wp:attachment":[{"href":"https:\/\/gajos.sk\/eshop\/wp-json\/wp\/v2\/media?parent=337129"}],"wp:term":[{"taxonomy":"product_brand","embeddable":true,"href":"https:\/\/gajos.sk\/eshop\/wp-json\/wp\/v2\/product_brand?post=337129"},{"taxonomy":"product_cat","embeddable":true,"href":"https:\/\/gajos.sk\/eshop\/wp-json\/wp\/v2\/product_cat?post=337129"},{"taxonomy":"product_tag","embeddable":true,"href":"https:\/\/gajos.sk\/eshop\/wp-json\/wp\/v2\/product_tag?post=337129"}],"curies":[{"name":"wp","href":"https:\/\/api.w.org\/{rel}","templated":true}]}}