{"id":337101,"date":"2024-03-01T19:57:37","date_gmt":"2024-03-01T18:57:37","guid":{"rendered":"https:\/\/gajostest.a2hosted.com\/eshop\/stanmore-nohav-do-pasa\/"},"modified":"2026-05-01T21:28:44","modified_gmt":"2026-05-01T19:28:44","slug":"stanmore-nohav-do-pasa","status":"publish","type":"product","link":"https:\/\/gajos.sk\/eshop\/p\/stanmore-nohav-do-pasa\/","title":{"rendered":"STANMORE nohav.do p\u00e1sa"},"content":{"rendered":"","protected":false},"excerpt":{"rendered":"<p>Ochrana pod\u013ea EN12941 TH1P zais\u0165uje chladiaci \u00fa\u010dinok, pohodln\u00fd pr\u00edvod filtrovan\u00e9ho vzduchu 160 litrov za min\u00fatu, eliminuje d\u00fdchac\u00ed odpor a zahmlievanie priezoru.<\/p>\n","protected":false},"featured_media":337103,"template":"","meta":{"_acf_changed":false,"inline_featured_image":false},"product_brand":[],"product_cat":[2121,2127,2126],"product_tag":[1343],"class_list":{"0":"post-337101","1":"product","2":"type-product","3":"status-publish","4":"has-post-thumbnail","6":"product_cat-odevy","7":"product_cat-nohavice","8":"product_cat-nohavice-a-overaly","9":"product_tag-australian-line","10":"pa_farba-tm-hneda","11":"pa_farba-zelena-cierna","12":"pa_farba-royal-modra","13":"pa_velkost-3123","14":"pa_velkost-3155","15":"pa_velkost-3157","16":"pa_velkost-3158","17":"pa_velkost-3159","18":"pa_velkost-3160","19":"pa_velkost-3161","20":"pa_velkost-3162","21":"pa_velkost-3110","22":"pa_velkost-3121","24":"first","25":"instock","26":"taxable","27":"shipping-taxable","28":"purchasable","29":"product-type-variable"},"acf":[],"_links":{"self":[{"href":"https:\/\/gajos.sk\/eshop\/wp-json\/wp\/v2\/product\/337101","targetHints":{"allow":["GET"]}}],"collection":[{"href":"https:\/\/gajos.sk\/eshop\/wp-json\/wp\/v2\/product"}],"about":[{"href":"https:\/\/gajos.sk\/eshop\/wp-json\/wp\/v2\/types\/product"}],"wp:featuredmedia":[{"embeddable":true,"href":"https:\/\/gajos.sk\/eshop\/wp-json\/wp\/v2\/media\/337103"}],"wp:attachment":[{"href":"https:\/\/gajos.sk\/eshop\/wp-json\/wp\/v2\/media?parent=337101"}],"wp:term":[{"taxonomy":"product_brand","embeddable":true,"href":"https:\/\/gajos.sk\/eshop\/wp-json\/wp\/v2\/product_brand?post=337101"},{"taxonomy":"product_cat","embeddable":true,"href":"https:\/\/gajos.sk\/eshop\/wp-json\/wp\/v2\/product_cat?post=337101"},{"taxonomy":"product_tag","embeddable":true,"href":"https:\/\/gajos.sk\/eshop\/wp-json\/wp\/v2\/product_tag?post=337101"}],"curies":[{"name":"wp","href":"https:\/\/api.w.org\/{rel}","templated":true}]}}