{"id":337017,"date":"2024-03-01T19:57:16","date_gmt":"2024-03-01T18:57:16","guid":{"rendered":"https:\/\/gajostest.a2hosted.com\/eshop\/taurus-zimna-bunda\/"},"modified":"2026-05-07T21:24:25","modified_gmt":"2026-05-07T19:24:25","slug":"taurus-zimna-bunda","status":"publish","type":"product","link":"https:\/\/gajos.sk\/eshop\/p\/taurus-zimna-bunda\/","title":{"rendered":"TAURUS zimn\u00e1 bunda"},"content":{"rendered":"","protected":false},"excerpt":{"rendered":"<p>modern\u00e1 p\u00e1nska zimn\u00e1 bunda s pre\u0161\u00edvanou zateplenou vlo\u017ekou; zap\u00ednanie na zips kryt\u00fdm l\u00e9gou so such\u00fdm zipsom; odop\u00ednacia kapuc\u0148a na zips; odop\u00ednacia pre\u0161\u00edvan\u00e1 vlo\u017eka na zips; vpravo Napoleon vrecko na zips; v\u013eavo n\u00e1prsn\u00e9 vrecko; 2 postrann\u00e9 vreck\u00e1 na zips; 2 vn\u00fatorn\u00e9 vreck\u00e1; Cordura zosilnenie v oblasti ramien a lak\u0165ov; reflexn\u00e9 paspulky pre lep\u0161iu vidite\u013enos\u0165.<\/p>\n","protected":false},"featured_media":337019,"template":"","meta":{"_acf_changed":false,"inline_featured_image":false},"product_brand":[],"product_cat":[2121,2122,2123],"product_tag":[2387],"class_list":{"0":"post-337017","1":"product","2":"type-product","3":"status-publish","4":"has-post-thumbnail","6":"product_cat-odevy","7":"product_cat-bundy-a-kabaty","8":"product_cat-bundy","9":"product_tag-litz","10":"pa_farba-navy","11":"pa_farba-cierna","12":"pa_farba-siva","13":"pa_velkost-2xs","14":"pa_velkost-xl","15":"pa_velkost-l","16":"pa_velkost-m","17":"pa_velkost-s","18":"pa_velkost-3xl","19":"pa_velkost-xxl","20":"pa_velkost-5xl","21":"pa_velkost-4xl","22":"pa_velkost-xs","24":"first","25":"instock","26":"taxable","27":"shipping-taxable","28":"purchasable","29":"product-type-variable"},"acf":[],"_links":{"self":[{"href":"https:\/\/gajos.sk\/eshop\/wp-json\/wp\/v2\/product\/337017","targetHints":{"allow":["GET"]}}],"collection":[{"href":"https:\/\/gajos.sk\/eshop\/wp-json\/wp\/v2\/product"}],"about":[{"href":"https:\/\/gajos.sk\/eshop\/wp-json\/wp\/v2\/types\/product"}],"wp:featuredmedia":[{"embeddable":true,"href":"https:\/\/gajos.sk\/eshop\/wp-json\/wp\/v2\/media\/337019"}],"wp:attachment":[{"href":"https:\/\/gajos.sk\/eshop\/wp-json\/wp\/v2\/media?parent=337017"}],"wp:term":[{"taxonomy":"product_brand","embeddable":true,"href":"https:\/\/gajos.sk\/eshop\/wp-json\/wp\/v2\/product_brand?post=337017"},{"taxonomy":"product_cat","embeddable":true,"href":"https:\/\/gajos.sk\/eshop\/wp-json\/wp\/v2\/product_cat?post=337017"},{"taxonomy":"product_tag","embeddable":true,"href":"https:\/\/gajos.sk\/eshop\/wp-json\/wp\/v2\/product_tag?post=337017"}],"curies":[{"name":"wp","href":"https:\/\/api.w.org\/{rel}","templated":true}]}}