{"id":337006,"date":"2024-03-01T19:57:12","date_gmt":"2024-03-01T18:57:12","guid":{"rendered":"https:\/\/gajostest.a2hosted.com\/eshop\/taurus-zimna-softshell-bunda\/"},"modified":"2026-05-07T21:24:25","modified_gmt":"2026-05-07T19:24:25","slug":"taurus-zimna-softshell-bunda","status":"publish","type":"product","link":"https:\/\/gajos.sk\/eshop\/p\/taurus-zimna-softshell-bunda\/","title":{"rendered":"TAURUS zimn\u00e1 softshell.bunda"},"content":{"rendered":"","protected":false},"excerpt":{"rendered":"<p>modern\u00e1 p\u00e1nska softshellov\u00e1 zateplen\u00e1 bunda s pre\u0161\u00edvanou pod\u0161\u00edvkou; zap\u00ednanie na reflexn\u00fd zips; odop\u00ednacia kapuc\u0148a; vpravo Napoleon vrecko na zips; v\u013eavo n\u00e1prsn\u00e9 vrecko; 2 postrann\u00e9 vreck\u00e1 na zips; Cordura zosilnenie v oblasti ramien a lak\u0165ov; reflexn\u00e9 paspulky pre lep\u0161iu vidite\u013enos\u0165.<\/p>\n","protected":false},"featured_media":337008,"template":"","meta":{"_acf_changed":false,"inline_featured_image":false},"product_brand":[],"product_cat":[2121,2122,2123],"product_tag":[2387],"class_list":{"0":"post-337006","1":"product","2":"type-product","3":"status-publish","4":"has-post-thumbnail","6":"product_cat-odevy","7":"product_cat-bundy-a-kabaty","8":"product_cat-bundy","9":"product_tag-litz","10":"pa_farba-cierna","11":"pa_velkost-xl","12":"pa_velkost-l","13":"pa_velkost-m","14":"pa_velkost-s","15":"pa_velkost-3xl","16":"pa_velkost-xxl","17":"pa_velkost-5xl","18":"pa_velkost-4xl","19":"pa_velkost-xs","21":"first","22":"instock","23":"taxable","24":"shipping-taxable","25":"purchasable","26":"product-type-variable"},"acf":[],"_links":{"self":[{"href":"https:\/\/gajos.sk\/eshop\/wp-json\/wp\/v2\/product\/337006","targetHints":{"allow":["GET"]}}],"collection":[{"href":"https:\/\/gajos.sk\/eshop\/wp-json\/wp\/v2\/product"}],"about":[{"href":"https:\/\/gajos.sk\/eshop\/wp-json\/wp\/v2\/types\/product"}],"wp:featuredmedia":[{"embeddable":true,"href":"https:\/\/gajos.sk\/eshop\/wp-json\/wp\/v2\/media\/337008"}],"wp:attachment":[{"href":"https:\/\/gajos.sk\/eshop\/wp-json\/wp\/v2\/media?parent=337006"}],"wp:term":[{"taxonomy":"product_brand","embeddable":true,"href":"https:\/\/gajos.sk\/eshop\/wp-json\/wp\/v2\/product_brand?post=337006"},{"taxonomy":"product_cat","embeddable":true,"href":"https:\/\/gajos.sk\/eshop\/wp-json\/wp\/v2\/product_cat?post=337006"},{"taxonomy":"product_tag","embeddable":true,"href":"https:\/\/gajos.sk\/eshop\/wp-json\/wp\/v2\/product_tag?post=337006"}],"curies":[{"name":"wp","href":"https:\/\/api.w.org\/{rel}","templated":true}]}}