{"id":336894,"date":"2024-03-01T19:55:41","date_gmt":"2024-03-01T18:55:41","guid":{"rendered":"https:\/\/gajostest.a2hosted.com\/eshop\/sheldon-hv-softshell-bunda\/"},"modified":"2026-05-07T21:24:25","modified_gmt":"2026-05-07T19:24:25","slug":"sheldon-hv-softshell-bunda","status":"publish","type":"product","link":"https:\/\/gajos.sk\/eshop\/p\/sheldon-hv-softshell-bunda\/","title":{"rendered":"SHELDON HV softshell bunda"},"content":{"rendered":"","protected":false},"excerpt":{"rendered":"<p>p\u00e1nska softshellov\u00e1 HI-VIS bunda s membr\u00e1nou a vn\u00fatornou fleecovou vrstvou; zap\u00ednanie na zips; 1 n\u00e1prsn\u00e9 vrecko, 2 bo\u010dn\u00e9 vreck\u00e1 na zips; 3 multifunk\u010dn\u00e9 vn\u00fatorn\u00e9 vreck\u00e1; nastavite\u013en\u00e1 \u0161\u00edrka man\u017eiet ruk\u00e1vov pomocou such\u00e9ho zipsu; tla\u010den\u00e9 reflexn\u00e9 segmentovan\u00e9 5 cm pruhy okolo p\u00e1su, ruk\u00e1vov a cez ramen\u00e1.<\/p>\n","protected":false},"featured_media":336896,"template":"","meta":{"_acf_changed":false,"inline_featured_image":false},"product_brand":[],"product_cat":[2121,2122,2123],"product_tag":[1179],"class_list":{"0":"post-336894","1":"product","2":"type-product","3":"status-publish","4":"has-post-thumbnail","6":"product_cat-odevy","7":"product_cat-bundy-a-kabaty","8":"product_cat-bundy","9":"product_tag-cerva","10":"pa_farba-zlta","11":"pa_velkost-xl","12":"pa_velkost-l","13":"pa_velkost-m","14":"pa_velkost-s","15":"pa_velkost-3xl","16":"pa_velkost-xxl","17":"pa_velkost-4xl","18":"pa_velkost-xs","20":"first","21":"instock","22":"taxable","23":"shipping-taxable","24":"purchasable","25":"product-type-variable"},"acf":[],"_links":{"self":[{"href":"https:\/\/gajos.sk\/eshop\/wp-json\/wp\/v2\/product\/336894","targetHints":{"allow":["GET"]}}],"collection":[{"href":"https:\/\/gajos.sk\/eshop\/wp-json\/wp\/v2\/product"}],"about":[{"href":"https:\/\/gajos.sk\/eshop\/wp-json\/wp\/v2\/types\/product"}],"wp:featuredmedia":[{"embeddable":true,"href":"https:\/\/gajos.sk\/eshop\/wp-json\/wp\/v2\/media\/336896"}],"wp:attachment":[{"href":"https:\/\/gajos.sk\/eshop\/wp-json\/wp\/v2\/media?parent=336894"}],"wp:term":[{"taxonomy":"product_brand","embeddable":true,"href":"https:\/\/gajos.sk\/eshop\/wp-json\/wp\/v2\/product_brand?post=336894"},{"taxonomy":"product_cat","embeddable":true,"href":"https:\/\/gajos.sk\/eshop\/wp-json\/wp\/v2\/product_cat?post=336894"},{"taxonomy":"product_tag","embeddable":true,"href":"https:\/\/gajos.sk\/eshop\/wp-json\/wp\/v2\/product_tag?post=336894"}],"curies":[{"name":"wp","href":"https:\/\/api.w.org\/{rel}","templated":true}]}}