{"id":336854,"date":"2024-03-01T19:55:31","date_gmt":"2024-03-01T18:55:31","guid":{"rendered":"https:\/\/gajostest.a2hosted.com\/eshop\/max-neo-lady-light-bunda\/"},"modified":"2026-05-07T21:24:25","modified_gmt":"2026-05-07T19:24:25","slug":"max-neo-lady-light-bunda","status":"publish","type":"product","link":"https:\/\/gajos.sk\/eshop\/p\/max-neo-lady-light-bunda\/","title":{"rendered":"MAX NEO LADY LIGHT bunda"},"content":{"rendered":"","protected":false},"excerpt":{"rendered":"<p>d\u00e1mska zateplen\u00e1 bunda; elastick\u00fd pas; zap\u00ednanie na zips; 2 bo\u010dn\u00e9 vreck\u00e1 na zips.<\/p>\n","protected":false},"featured_media":336856,"template":"","meta":{"_acf_changed":false,"inline_featured_image":false},"product_brand":[],"product_cat":[2121,2122,2123],"product_tag":[1179],"class_list":{"0":"post-336854","1":"product","2":"type-product","3":"status-publish","4":"has-post-thumbnail","6":"product_cat-odevy","7":"product_cat-bundy-a-kabaty","8":"product_cat-bundy","9":"product_tag-cerva","10":"pa_farba-siva","11":"pa_farba-navy","12":"pa_farba-limetkova","13":"pa_farba-modra","14":"pa_velkost-xl","15":"pa_velkost-l","16":"pa_velkost-m","17":"pa_velkost-s","18":"pa_velkost-3xl","19":"pa_velkost-xxl","20":"pa_velkost-xs","22":"first","23":"instock","24":"taxable","25":"shipping-taxable","26":"purchasable","27":"product-type-variable"},"acf":[],"_links":{"self":[{"href":"https:\/\/gajos.sk\/eshop\/wp-json\/wp\/v2\/product\/336854","targetHints":{"allow":["GET"]}}],"collection":[{"href":"https:\/\/gajos.sk\/eshop\/wp-json\/wp\/v2\/product"}],"about":[{"href":"https:\/\/gajos.sk\/eshop\/wp-json\/wp\/v2\/types\/product"}],"wp:featuredmedia":[{"embeddable":true,"href":"https:\/\/gajos.sk\/eshop\/wp-json\/wp\/v2\/media\/336856"}],"wp:attachment":[{"href":"https:\/\/gajos.sk\/eshop\/wp-json\/wp\/v2\/media?parent=336854"}],"wp:term":[{"taxonomy":"product_brand","embeddable":true,"href":"https:\/\/gajos.sk\/eshop\/wp-json\/wp\/v2\/product_brand?post=336854"},{"taxonomy":"product_cat","embeddable":true,"href":"https:\/\/gajos.sk\/eshop\/wp-json\/wp\/v2\/product_cat?post=336854"},{"taxonomy":"product_tag","embeddable":true,"href":"https:\/\/gajos.sk\/eshop\/wp-json\/wp\/v2\/product_tag?post=336854"}],"curies":[{"name":"wp","href":"https:\/\/api.w.org\/{rel}","templated":true}]}}