{"id":336838,"date":"2024-03-01T19:55:27","date_gmt":"2024-03-01T18:55:27","guid":{"rendered":"https:\/\/gajostest.a2hosted.com\/eshop\/max-vivo-light-bunda\/"},"modified":"2026-05-07T21:24:25","modified_gmt":"2026-05-07T19:24:25","slug":"max-vivo-light-bunda","status":"publish","type":"product","link":"https:\/\/gajos.sk\/eshop\/p\/max-vivo-light-bunda\/","title":{"rendered":"MAX VIVO LIGHT bunda"},"content":{"rendered":"","protected":false},"excerpt":{"rendered":"<p>p\u00e1nska zateplen\u00e1 bunda; elastick\u00fd p\u00e1s; zap\u00ednanie na zips; 2 bo\u010dn\u00e9 vreck\u00e1 na zips.<\/p>\n","protected":false},"featured_media":336840,"template":"","meta":{"_acf_changed":false,"inline_featured_image":false},"product_brand":[],"product_cat":[2121,2122,2123],"product_tag":[1179],"class_list":{"0":"post-336838","1":"product","2":"type-product","3":"status-publish","4":"has-post-thumbnail","6":"product_cat-odevy","7":"product_cat-bundy-a-kabaty","8":"product_cat-bundy","9":"product_tag-cerva","10":"pa_farba-cierna-oranzova","11":"pa_farba-cerna-zlta","12":"pa_velkost-m","13":"pa_velkost-s","14":"pa_velkost-3xl","15":"pa_velkost-xxl","16":"pa_velkost-4xl","17":"pa_velkost-xl","18":"pa_velkost-l","20":"first","21":"instock","22":"taxable","23":"shipping-taxable","24":"purchasable","25":"product-type-variable"},"acf":[],"_links":{"self":[{"href":"https:\/\/gajos.sk\/eshop\/wp-json\/wp\/v2\/product\/336838","targetHints":{"allow":["GET"]}}],"collection":[{"href":"https:\/\/gajos.sk\/eshop\/wp-json\/wp\/v2\/product"}],"about":[{"href":"https:\/\/gajos.sk\/eshop\/wp-json\/wp\/v2\/types\/product"}],"wp:featuredmedia":[{"embeddable":true,"href":"https:\/\/gajos.sk\/eshop\/wp-json\/wp\/v2\/media\/336840"}],"wp:attachment":[{"href":"https:\/\/gajos.sk\/eshop\/wp-json\/wp\/v2\/media?parent=336838"}],"wp:term":[{"taxonomy":"product_brand","embeddable":true,"href":"https:\/\/gajos.sk\/eshop\/wp-json\/wp\/v2\/product_brand?post=336838"},{"taxonomy":"product_cat","embeddable":true,"href":"https:\/\/gajos.sk\/eshop\/wp-json\/wp\/v2\/product_cat?post=336838"},{"taxonomy":"product_tag","embeddable":true,"href":"https:\/\/gajos.sk\/eshop\/wp-json\/wp\/v2\/product_tag?post=336838"}],"curies":[{"name":"wp","href":"https:\/\/api.w.org\/{rel}","templated":true}]}}