{"id":336744,"date":"2024-03-01T19:53:51","date_gmt":"2024-03-01T18:53:51","guid":{"rendered":"https:\/\/gajostest.a2hosted.com\/eshop\/neurum-softshell-bunda\/"},"modified":"2026-05-07T21:24:24","modified_gmt":"2026-05-07T19:24:24","slug":"neurum-softshell-bunda","status":"publish","type":"product","link":"https:\/\/gajos.sk\/eshop\/p\/neurum-softshell-bunda\/","title":{"rendered":"NEURUM SOFTSHELL bunda"},"content":{"rendered":"","protected":false},"excerpt":{"rendered":"<p>softshellov\u00e1 celozap\u00ednacia bunda so stojacim golierom, odoln\u00e1 vo\u010di vetru a da\u017e\u010fu, 2 bo\u010dn\u00e9 vreck\u00e1 na zips, 1 n\u00e1prsn\u00e9 vrecko, elastisk\u00e9 lemy ruk\u00e1vov s otvorom na palec, reflexn\u00e9 prvky vo farebnom odstieni. Materi\u00e1l: vonkaj\u0161\u00ed 100% polyester v kombin\u00e1cii 96% PES a 4% elastan s fleece lamin\u00e1ciou, vycp\u00e1vka 100% polyester, pod\u0161\u00edvka 100% polyester, 280g\/m2.<\/p>\n","protected":false},"featured_media":336746,"template":"","meta":{"_acf_changed":false,"inline_featured_image":false},"product_brand":[],"product_cat":[2121,2122,2123],"product_tag":[1179],"class_list":{"0":"post-336744","1":"product","2":"type-product","3":"status-publish","4":"has-post-thumbnail","6":"product_cat-odevy","7":"product_cat-bundy-a-kabaty","8":"product_cat-bundy","9":"product_tag-cerva","10":"pa_farba-antracit","11":"pa_farba-petrolejova","12":"pa_farba-tm-olivova","13":"pa_farba-navy","14":"pa_velkost-xxl","15":"pa_velkost-4xl","16":"pa_velkost-xl","17":"pa_velkost-l","18":"pa_velkost-m","19":"pa_velkost-s","20":"pa_velkost-3xl","22":"first","23":"instock","24":"taxable","25":"shipping-taxable","26":"purchasable","27":"product-type-variable"},"acf":[],"_links":{"self":[{"href":"https:\/\/gajos.sk\/eshop\/wp-json\/wp\/v2\/product\/336744","targetHints":{"allow":["GET"]}}],"collection":[{"href":"https:\/\/gajos.sk\/eshop\/wp-json\/wp\/v2\/product"}],"about":[{"href":"https:\/\/gajos.sk\/eshop\/wp-json\/wp\/v2\/types\/product"}],"wp:featuredmedia":[{"embeddable":true,"href":"https:\/\/gajos.sk\/eshop\/wp-json\/wp\/v2\/media\/336746"}],"wp:attachment":[{"href":"https:\/\/gajos.sk\/eshop\/wp-json\/wp\/v2\/media?parent=336744"}],"wp:term":[{"taxonomy":"product_brand","embeddable":true,"href":"https:\/\/gajos.sk\/eshop\/wp-json\/wp\/v2\/product_brand?post=336744"},{"taxonomy":"product_cat","embeddable":true,"href":"https:\/\/gajos.sk\/eshop\/wp-json\/wp\/v2\/product_cat?post=336744"},{"taxonomy":"product_tag","embeddable":true,"href":"https:\/\/gajos.sk\/eshop\/wp-json\/wp\/v2\/product_tag?post=336744"}],"curies":[{"name":"wp","href":"https:\/\/api.w.org\/{rel}","templated":true}]}}