{"id":336679,"date":"2024-03-01T19:53:37","date_gmt":"2024-03-01T18:53:37","guid":{"rendered":"https:\/\/gajostest.a2hosted.com\/eshop\/chitra-softshell-bunda\/"},"modified":"2026-05-07T21:24:24","modified_gmt":"2026-05-07T19:24:24","slug":"chitra-softshell-bunda","status":"publish","type":"product","link":"https:\/\/gajos.sk\/eshop\/p\/chitra-softshell-bunda\/","title":{"rendered":"CHITRA softshell bunda"},"content":{"rendered":"","protected":false},"excerpt":{"rendered":"<p>p\u00e1nska softshellov\u00e1 bunda s membr\u00e1nou a vn\u00fatorn\u00fdm fleecovou vrstvou, zap\u00ednanie na zips, 1 n\u00e1prsn\u00e9 vrecko, 2 bo\u010dn\u00e9 vreck\u00e1 na zips<\/p>\n","protected":false},"featured_media":336681,"template":"","meta":{"_acf_changed":false,"inline_featured_image":false},"product_brand":[],"product_cat":[2121,2122,2123],"product_tag":[1179],"class_list":{"0":"post-336679","1":"product","2":"type-product","3":"status-publish","4":"has-post-thumbnail","6":"product_cat-odevy","7":"product_cat-bundy-a-kabaty","8":"product_cat-bundy","9":"product_tag-cerva","10":"pa_farba-cervena","11":"pa_farba-cierna","12":"pa_farba-siva","13":"pa_farba-biela","14":"pa_farba-royal-modra","15":"pa_farba-tm-zelena","16":"pa_farba-navy","17":"pa_velkost-5xl","18":"pa_velkost-4xl","19":"pa_velkost-xs","20":"pa_velkost-xl","21":"pa_velkost-l","22":"pa_velkost-m","23":"pa_velkost-s","24":"pa_velkost-3xl","25":"pa_velkost-xxl","27":"first","28":"instock","29":"taxable","30":"shipping-taxable","31":"purchasable","32":"product-type-variable"},"acf":[],"_links":{"self":[{"href":"https:\/\/gajos.sk\/eshop\/wp-json\/wp\/v2\/product\/336679","targetHints":{"allow":["GET"]}}],"collection":[{"href":"https:\/\/gajos.sk\/eshop\/wp-json\/wp\/v2\/product"}],"about":[{"href":"https:\/\/gajos.sk\/eshop\/wp-json\/wp\/v2\/types\/product"}],"wp:featuredmedia":[{"embeddable":true,"href":"https:\/\/gajos.sk\/eshop\/wp-json\/wp\/v2\/media\/336681"}],"wp:attachment":[{"href":"https:\/\/gajos.sk\/eshop\/wp-json\/wp\/v2\/media?parent=336679"}],"wp:term":[{"taxonomy":"product_brand","embeddable":true,"href":"https:\/\/gajos.sk\/eshop\/wp-json\/wp\/v2\/product_brand?post=336679"},{"taxonomy":"product_cat","embeddable":true,"href":"https:\/\/gajos.sk\/eshop\/wp-json\/wp\/v2\/product_cat?post=336679"},{"taxonomy":"product_tag","embeddable":true,"href":"https:\/\/gajos.sk\/eshop\/wp-json\/wp\/v2\/product_tag?post=336679"}],"curies":[{"name":"wp","href":"https:\/\/api.w.org\/{rel}","templated":true}]}}