{"id":336671,"date":"2024-03-01T19:53:34","date_gmt":"2024-03-01T18:53:34","guid":{"rendered":"https:\/\/gajostest.a2hosted.com\/eshop\/greendale-softshell-bunda\/"},"modified":"2026-05-07T21:22:26","modified_gmt":"2026-05-07T19:22:26","slug":"greendale-softshell-bunda","status":"publish","type":"product","link":"https:\/\/gajos.sk\/eshop\/p\/greendale-softshell-bunda\/","title":{"rendered":"GREENDALE softshell bunda"},"content":{"rendered":"","protected":false},"excerpt":{"rendered":"<p>p\u00e1nska softshellov\u00e1 bunda s membr\u00e1nou a vn\u00fatornou fleecovou vrstvou; zap\u00ednanie na zips; 1 n\u00e1prsn\u00e9 vrecko, 2 bo\u010dn\u00e9 vreck\u00e1 na zips; 3 multifunk\u010dn\u00e9 vn\u00fatorn\u00e9 vreck\u00e1; nastavite\u013en\u00e1 \u0161\u00edrka man\u017eiet ruk\u00e1vov pomocou such\u00e9ho zipsu; dekorat\u00edvne pre\u0161itie v kontrastnej farbe.<\/p>\n","protected":false},"featured_media":336673,"template":"","meta":{"_acf_changed":false,"inline_featured_image":false},"product_brand":[],"product_cat":[2121,2122,2123],"product_tag":[1179],"class_list":{"0":"post-336671","1":"product","2":"type-product","3":"status-publish","4":"has-post-thumbnail","6":"product_cat-odevy","7":"product_cat-bundy-a-kabaty","8":"product_cat-bundy","9":"product_tag-cerva","10":"pa_farba-antracit-limetkova","11":"pa_velkost-m","12":"pa_velkost-s","13":"pa_velkost-3xl","14":"pa_velkost-xxl","15":"pa_velkost-xl","16":"pa_velkost-l","18":"first","19":"instock","20":"taxable","21":"shipping-taxable","22":"purchasable","23":"product-type-variable"},"acf":[],"_links":{"self":[{"href":"https:\/\/gajos.sk\/eshop\/wp-json\/wp\/v2\/product\/336671","targetHints":{"allow":["GET"]}}],"collection":[{"href":"https:\/\/gajos.sk\/eshop\/wp-json\/wp\/v2\/product"}],"about":[{"href":"https:\/\/gajos.sk\/eshop\/wp-json\/wp\/v2\/types\/product"}],"wp:featuredmedia":[{"embeddable":true,"href":"https:\/\/gajos.sk\/eshop\/wp-json\/wp\/v2\/media\/336673"}],"wp:attachment":[{"href":"https:\/\/gajos.sk\/eshop\/wp-json\/wp\/v2\/media?parent=336671"}],"wp:term":[{"taxonomy":"product_brand","embeddable":true,"href":"https:\/\/gajos.sk\/eshop\/wp-json\/wp\/v2\/product_brand?post=336671"},{"taxonomy":"product_cat","embeddable":true,"href":"https:\/\/gajos.sk\/eshop\/wp-json\/wp\/v2\/product_cat?post=336671"},{"taxonomy":"product_tag","embeddable":true,"href":"https:\/\/gajos.sk\/eshop\/wp-json\/wp\/v2\/product_tag?post=336671"}],"curies":[{"name":"wp","href":"https:\/\/api.w.org\/{rel}","templated":true}]}}