{"id":336623,"date":"2024-03-01T19:53:20","date_gmt":"2024-03-01T18:53:20","guid":{"rendered":"https:\/\/gajostest.a2hosted.com\/eshop\/murcia-hv-softshell-bunda\/"},"modified":"2026-05-07T21:22:26","modified_gmt":"2026-05-07T19:22:26","slug":"murcia-hv-softshell-bunda","status":"publish","type":"product","link":"https:\/\/gajos.sk\/eshop\/p\/murcia-hv-softshell-bunda\/","title":{"rendered":"MURCIA HV SOFTSHELL bunda"},"content":{"rendered":"","protected":false},"excerpt":{"rendered":"<p>p\u00e1nska full Hi-Vis softshellov\u00e1 bunda s TPU membr\u00e1nou, zap\u00ednanie na zips, nastavite\u013en\u00e1 \u0161\u00edrka obvodu ruk\u00e1vov na such\u00fd zips, reflexn\u00e9 pruhy na ramen\u00e1ch, ruk\u00e1voch a spodnej \u010dasti o ve\u013ekosti 5 cm, 1 n\u00e1prsn\u00e9 vrecko a 2 bo\u010dn\u00e9 vreck\u00e1 na zips<\/p>\n","protected":false},"featured_media":336625,"template":"","meta":{"_acf_changed":false,"inline_featured_image":false},"product_brand":[],"product_cat":[2121,2123,2122],"product_tag":[1179],"class_list":{"0":"post-336623","1":"product","2":"type-product","3":"status-publish","4":"has-post-thumbnail","6":"product_cat-odevy","7":"product_cat-bundy","8":"product_cat-bundy-a-kabaty","9":"product_tag-cerva","10":"pa_farba-zlta","11":"pa_farba-oranzova","12":"pa_velkost-xl","13":"pa_velkost-l","14":"pa_velkost-m","15":"pa_velkost-s","16":"pa_velkost-3xl","17":"pa_velkost-xxl","19":"first","20":"instock","21":"taxable","22":"shipping-taxable","23":"purchasable","24":"product-type-variable"},"acf":[],"_links":{"self":[{"href":"https:\/\/gajos.sk\/eshop\/wp-json\/wp\/v2\/product\/336623","targetHints":{"allow":["GET"]}}],"collection":[{"href":"https:\/\/gajos.sk\/eshop\/wp-json\/wp\/v2\/product"}],"about":[{"href":"https:\/\/gajos.sk\/eshop\/wp-json\/wp\/v2\/types\/product"}],"wp:featuredmedia":[{"embeddable":true,"href":"https:\/\/gajos.sk\/eshop\/wp-json\/wp\/v2\/media\/336625"}],"wp:attachment":[{"href":"https:\/\/gajos.sk\/eshop\/wp-json\/wp\/v2\/media?parent=336623"}],"wp:term":[{"taxonomy":"product_brand","embeddable":true,"href":"https:\/\/gajos.sk\/eshop\/wp-json\/wp\/v2\/product_brand?post=336623"},{"taxonomy":"product_cat","embeddable":true,"href":"https:\/\/gajos.sk\/eshop\/wp-json\/wp\/v2\/product_cat?post=336623"},{"taxonomy":"product_tag","embeddable":true,"href":"https:\/\/gajos.sk\/eshop\/wp-json\/wp\/v2\/product_tag?post=336623"}],"curies":[{"name":"wp","href":"https:\/\/api.w.org\/{rel}","templated":true}]}}