{"id":336610,"date":"2024-03-01T19:53:14","date_gmt":"2024-03-01T18:53:14","guid":{"rendered":"https:\/\/gajostest.a2hosted.com\/eshop\/ronne-bunda\/"},"modified":"2026-04-11T17:50:14","modified_gmt":"2026-04-11T15:50:14","slug":"ronne-bunda","status":"publish","type":"product","link":"https:\/\/gajos.sk\/eshop\/p\/ronne-bunda\/","title":{"rendered":"RONNE bunda"},"content":{"rendered":"","protected":false},"excerpt":{"rendered":"<p>p\u00e1nska zateplen\u00e1 bunda s kapuc\u0148ou; 2 bo\u010dn\u00e9 vreck\u00e1 na zips, 1 n\u00e1prsn\u00e9 vrecko na zips; 2 vn\u00fatorn\u00e9 vreck\u00e1; elastick\u00e9 p\u00e1sy na koncoch ruk\u00e1vov, spodn\u00fd obvod a lem kapucne; reflexn\u00e9 p\u00e1sy.<\/p>\n","protected":false},"featured_media":336612,"template":"","meta":{"_acf_changed":false,"inline_featured_image":false},"product_brand":[],"product_cat":[2121,2122,2123],"product_tag":[1244],"class_list":{"0":"post-336610","1":"product","2":"type-product","3":"status-publish","4":"has-post-thumbnail","6":"product_cat-odevy","7":"product_cat-bundy-a-kabaty","8":"product_cat-bundy","9":"product_tag-crv","10":"pa_farba-royal-modra","11":"pa_farba-cierna","12":"pa_velkost-s","13":"pa_velkost-3xl","14":"pa_velkost-xxl","15":"pa_velkost-xl","16":"pa_velkost-l","17":"pa_velkost-m","19":"first","20":"instock","21":"taxable","22":"shipping-taxable","23":"product-type-variable"},"acf":[],"_links":{"self":[{"href":"https:\/\/gajos.sk\/eshop\/wp-json\/wp\/v2\/product\/336610","targetHints":{"allow":["GET"]}}],"collection":[{"href":"https:\/\/gajos.sk\/eshop\/wp-json\/wp\/v2\/product"}],"about":[{"href":"https:\/\/gajos.sk\/eshop\/wp-json\/wp\/v2\/types\/product"}],"wp:featuredmedia":[{"embeddable":true,"href":"https:\/\/gajos.sk\/eshop\/wp-json\/wp\/v2\/media\/336612"}],"wp:attachment":[{"href":"https:\/\/gajos.sk\/eshop\/wp-json\/wp\/v2\/media?parent=336610"}],"wp:term":[{"taxonomy":"product_brand","embeddable":true,"href":"https:\/\/gajos.sk\/eshop\/wp-json\/wp\/v2\/product_brand?post=336610"},{"taxonomy":"product_cat","embeddable":true,"href":"https:\/\/gajos.sk\/eshop\/wp-json\/wp\/v2\/product_cat?post=336610"},{"taxonomy":"product_tag","embeddable":true,"href":"https:\/\/gajos.sk\/eshop\/wp-json\/wp\/v2\/product_tag?post=336610"}],"curies":[{"name":"wp","href":"https:\/\/api.w.org\/{rel}","templated":true}]}}