{"id":336592,"date":"2024-03-01T19:53:09","date_gmt":"2024-03-01T18:53:09","guid":{"rendered":"https:\/\/gajostest.a2hosted.com\/eshop\/playford-softsh-arc-bunda\/"},"modified":"2026-05-07T21:22:26","modified_gmt":"2026-05-07T19:22:26","slug":"playford-softsh-arc-bunda","status":"publish","type":"product","link":"https:\/\/gajos.sk\/eshop\/p\/playford-softsh-arc-bunda\/","title":{"rendered":"PLAYFORD softsh.ARC bunda"},"content":{"rendered":"","protected":false},"excerpt":{"rendered":"<p>p\u00e1nska HI-VIS multinormn\u00e1 softshellov\u00e1 bunda s ochranou proti tepeln\u00e9mu \u00fa\u010dinku elektrick\u00e9ho obl\u00faka; antistatick\u00e1; vodeodoln\u00e1 a s ochranou do chladn\u00e9ho prostredia; zap\u00ednanie na zips kryt\u00e9 l\u00e9gou; 1 n\u00e1prsn\u00e9 vrecko na zips; 2 postrann\u00e9 vreck\u00e1; 1 vn\u00fatorn\u00e9 n\u00e1prsn\u00e9 vrecko; reflexn\u00e9 pruhy odoln\u00e9 proti plame\u0148u okolo p\u00e1sa, ruk\u00e1vov a cez ramen\u00e1; nastavite\u013en\u00fd spodn\u00fd lem ruk\u00e1vov.<\/p>\n","protected":false},"featured_media":336594,"template":"","meta":{"_acf_changed":false,"inline_featured_image":false},"product_brand":[],"product_cat":[2121,2122,2123],"product_tag":[1238],"class_list":{"0":"post-336592","1":"product","2":"type-product","3":"status-publish","4":"has-post-thumbnail","6":"product_cat-odevy","7":"product_cat-bundy-a-kabaty","8":"product_cat-bundy","9":"product_tag-sioen","10":"pa_farba-hv-oranzova","11":"pa_farba-hv-zlta","12":"pa_velkost-m","13":"pa_velkost-s","14":"pa_velkost-3xl","15":"pa_velkost-xxl","16":"pa_velkost-xl","17":"pa_velkost-l","19":"first","20":"instock","21":"taxable","22":"shipping-taxable","23":"purchasable","24":"product-type-variable"},"acf":[],"_links":{"self":[{"href":"https:\/\/gajos.sk\/eshop\/wp-json\/wp\/v2\/product\/336592","targetHints":{"allow":["GET"]}}],"collection":[{"href":"https:\/\/gajos.sk\/eshop\/wp-json\/wp\/v2\/product"}],"about":[{"href":"https:\/\/gajos.sk\/eshop\/wp-json\/wp\/v2\/types\/product"}],"wp:featuredmedia":[{"embeddable":true,"href":"https:\/\/gajos.sk\/eshop\/wp-json\/wp\/v2\/media\/336594"}],"wp:attachment":[{"href":"https:\/\/gajos.sk\/eshop\/wp-json\/wp\/v2\/media?parent=336592"}],"wp:term":[{"taxonomy":"product_brand","embeddable":true,"href":"https:\/\/gajos.sk\/eshop\/wp-json\/wp\/v2\/product_brand?post=336592"},{"taxonomy":"product_cat","embeddable":true,"href":"https:\/\/gajos.sk\/eshop\/wp-json\/wp\/v2\/product_cat?post=336592"},{"taxonomy":"product_tag","embeddable":true,"href":"https:\/\/gajos.sk\/eshop\/wp-json\/wp\/v2\/product_tag?post=336592"}],"curies":[{"name":"wp","href":"https:\/\/api.w.org\/{rel}","templated":true}]}}