{"id":336523,"date":"2024-03-01T19:51:52","date_gmt":"2024-03-01T18:51:52","guid":{"rendered":"https:\/\/gajostest.a2hosted.com\/eshop\/huyer-softshell-bunda\/"},"modified":"2026-05-07T21:22:26","modified_gmt":"2026-05-07T19:22:26","slug":"huyer-softshell-bunda","status":"publish","type":"product","link":"https:\/\/gajos.sk\/eshop\/p\/huyer-softshell-bunda\/","title":{"rendered":"HUYER SOFTSHELL bunda"},"content":{"rendered":"","protected":false},"excerpt":{"rendered":"<p>p\u00e1nska sofstshelov\u00e1 bunda s kapuc\u0148ou v atrakt\u00edvnom farebnom preveden\u00ed; vodeodoln\u00e1 membr\u00e1na; 1 n\u00e1prsn\u00e9 vrecko na zips; 2 postrann\u00e9 vreck\u00e1 na zips; nastavite\u013en\u00e1 \u0161\u00edrka spodn\u00e9ho obvodu ruk\u00e1vu na such\u00fd zips; s\u0165ahovacia \u0161n\u00farka v kapucni<\/p>\n","protected":false},"featured_media":336525,"template":"","meta":{"_acf_changed":false,"inline_featured_image":false},"product_brand":[],"product_cat":[2121,2122,2123],"product_tag":[1179],"class_list":{"0":"post-336523","1":"product","2":"type-product","3":"status-publish","4":"has-post-thumbnail","6":"product_cat-odevy","7":"product_cat-bundy-a-kabaty","8":"product_cat-bundy","9":"product_tag-cerva","10":"pa_farba-olivova","11":"pa_farba-cervena","12":"pa_farba-cierna","13":"pa_farba-siva","14":"pa_farba-bezova","15":"pa_farba-royal-modra","16":"pa_farba-navy","17":"pa_velkost-3xl","18":"pa_velkost-xxl","19":"pa_velkost-5xl","20":"pa_velkost-4xl","21":"pa_velkost-xs","22":"pa_velkost-xl","23":"pa_velkost-l","24":"pa_velkost-m","25":"pa_velkost-s","27":"first","28":"instock","29":"taxable","30":"shipping-taxable","31":"purchasable","32":"product-type-variable"},"acf":[],"_links":{"self":[{"href":"https:\/\/gajos.sk\/eshop\/wp-json\/wp\/v2\/product\/336523","targetHints":{"allow":["GET"]}}],"collection":[{"href":"https:\/\/gajos.sk\/eshop\/wp-json\/wp\/v2\/product"}],"about":[{"href":"https:\/\/gajos.sk\/eshop\/wp-json\/wp\/v2\/types\/product"}],"wp:featuredmedia":[{"embeddable":true,"href":"https:\/\/gajos.sk\/eshop\/wp-json\/wp\/v2\/media\/336525"}],"wp:attachment":[{"href":"https:\/\/gajos.sk\/eshop\/wp-json\/wp\/v2\/media?parent=336523"}],"wp:term":[{"taxonomy":"product_brand","embeddable":true,"href":"https:\/\/gajos.sk\/eshop\/wp-json\/wp\/v2\/product_brand?post=336523"},{"taxonomy":"product_cat","embeddable":true,"href":"https:\/\/gajos.sk\/eshop\/wp-json\/wp\/v2\/product_cat?post=336523"},{"taxonomy":"product_tag","embeddable":true,"href":"https:\/\/gajos.sk\/eshop\/wp-json\/wp\/v2\/product_tag?post=336523"}],"curies":[{"name":"wp","href":"https:\/\/api.w.org\/{rel}","templated":true}]}}