{"id":336503,"date":"2024-03-01T19:51:44","date_gmt":"2024-03-01T18:51:44","guid":{"rendered":"https:\/\/gajostest.a2hosted.com\/eshop\/nulato-bunda\/"},"modified":"2026-05-07T21:22:26","modified_gmt":"2026-05-07T19:22:26","slug":"nulato-bunda","status":"publish","type":"product","link":"https:\/\/gajos.sk\/eshop\/p\/nulato-bunda\/","title":{"rendered":"NULATO bunda"},"content":{"rendered":"","protected":false},"excerpt":{"rendered":"<p>p\u00e1nska \u013eahk\u00e1 vonkaj\u0161ia bunda s kapuc\u0148ou; vodotesn\u00e1 a priedu\u0161n\u00e1; 4 vreck\u00e1 na zips; nastavite\u013en\u00e9 ruk\u00e1vy na such\u00fd zips; pr\u00edklopka zipsu so zap\u00ednan\u00edm na such\u00fd zips; nastavite\u013en\u00e1 kapuc\u0148a so s\u0165ahovacou \u0161n\u00farkou; reflexn\u00fd odtie\u0148 vo farebnom lemovan\u00ed;<\/p>\n","protected":false},"featured_media":336505,"template":"","meta":{"_acf_changed":false,"inline_featured_image":false},"product_brand":[],"product_cat":[2121,2122,2123],"product_tag":[1244],"class_list":{"0":"post-336503","1":"product","2":"type-product","3":"status-publish","4":"has-post-thumbnail","6":"product_cat-odevy","7":"product_cat-bundy-a-kabaty","8":"product_cat-bundy","9":"product_tag-crv","10":"pa_farba-siva","11":"pa_velkost-l","12":"pa_velkost-m","13":"pa_velkost-s","14":"pa_velkost-3xl","15":"pa_velkost-xxl","16":"pa_velkost-xl","18":"first","19":"instock","20":"taxable","21":"shipping-taxable","22":"purchasable","23":"product-type-variable"},"acf":[],"_links":{"self":[{"href":"https:\/\/gajos.sk\/eshop\/wp-json\/wp\/v2\/product\/336503","targetHints":{"allow":["GET"]}}],"collection":[{"href":"https:\/\/gajos.sk\/eshop\/wp-json\/wp\/v2\/product"}],"about":[{"href":"https:\/\/gajos.sk\/eshop\/wp-json\/wp\/v2\/types\/product"}],"wp:featuredmedia":[{"embeddable":true,"href":"https:\/\/gajos.sk\/eshop\/wp-json\/wp\/v2\/media\/336505"}],"wp:attachment":[{"href":"https:\/\/gajos.sk\/eshop\/wp-json\/wp\/v2\/media?parent=336503"}],"wp:term":[{"taxonomy":"product_brand","embeddable":true,"href":"https:\/\/gajos.sk\/eshop\/wp-json\/wp\/v2\/product_brand?post=336503"},{"taxonomy":"product_cat","embeddable":true,"href":"https:\/\/gajos.sk\/eshop\/wp-json\/wp\/v2\/product_cat?post=336503"},{"taxonomy":"product_tag","embeddable":true,"href":"https:\/\/gajos.sk\/eshop\/wp-json\/wp\/v2\/product_tag?post=336503"}],"curies":[{"name":"wp","href":"https:\/\/api.w.org\/{rel}","templated":true}]}}