{"id":336461,"date":"2024-03-01T19:51:36","date_gmt":"2024-03-01T18:51:36","guid":{"rendered":"https:\/\/gajostest.a2hosted.com\/eshop\/begna-softshell-bunda\/"},"modified":"2026-05-07T21:22:26","modified_gmt":"2026-05-07T19:22:26","slug":"begna-softshell-bunda","status":"publish","type":"product","link":"https:\/\/gajos.sk\/eshop\/p\/begna-softshell-bunda\/","title":{"rendered":"BEGNA softshell bunda"},"content":{"rendered":"","protected":false},"excerpt":{"rendered":"<p>softshellov\u00e1 bunda s kapuc\u0148ou, membr\u00e1nou a vn\u00fatorn\u00fdm fleecovou vrstvou, zap\u00ednanie na zips, 1 n\u00e1prsn\u00e9 vrecko, 2 bo\u010dn\u00e9 vreck\u00e1 na zips, nastavite\u013en\u00fd obvod kapucne, nastavite\u013en\u00e1 \u0161\u00edrka ruk\u00e1vov pomocou such\u00e9ho zipsu<\/p>\n","protected":false},"featured_media":336463,"template":"","meta":{"_acf_changed":false,"inline_featured_image":false},"product_brand":[],"product_cat":[2121,2122,2123],"product_tag":[1179],"class_list":{"0":"post-336461","1":"product","2":"type-product","3":"status-publish","4":"has-post-thumbnail","6":"product_cat-odevy","7":"product_cat-bundy-a-kabaty","8":"product_cat-bundy","9":"product_tag-cerva","10":"pa_farba-navy","11":"pa_farba-cervena","12":"pa_farba-cierna","13":"pa_farba-royal-modra","14":"pa_farba-siva","15":"pa_velkost-s","16":"pa_velkost-3xl","17":"pa_velkost-xxl","18":"pa_velkost-5xl","19":"pa_velkost-4xl","20":"pa_velkost-xl","21":"pa_velkost-l","22":"pa_velkost-m","24":"first","25":"instock","26":"taxable","27":"shipping-taxable","28":"purchasable","29":"product-type-variable"},"acf":[],"_links":{"self":[{"href":"https:\/\/gajos.sk\/eshop\/wp-json\/wp\/v2\/product\/336461","targetHints":{"allow":["GET"]}}],"collection":[{"href":"https:\/\/gajos.sk\/eshop\/wp-json\/wp\/v2\/product"}],"about":[{"href":"https:\/\/gajos.sk\/eshop\/wp-json\/wp\/v2\/types\/product"}],"wp:featuredmedia":[{"embeddable":true,"href":"https:\/\/gajos.sk\/eshop\/wp-json\/wp\/v2\/media\/336463"}],"wp:attachment":[{"href":"https:\/\/gajos.sk\/eshop\/wp-json\/wp\/v2\/media?parent=336461"}],"wp:term":[{"taxonomy":"product_brand","embeddable":true,"href":"https:\/\/gajos.sk\/eshop\/wp-json\/wp\/v2\/product_brand?post=336461"},{"taxonomy":"product_cat","embeddable":true,"href":"https:\/\/gajos.sk\/eshop\/wp-json\/wp\/v2\/product_cat?post=336461"},{"taxonomy":"product_tag","embeddable":true,"href":"https:\/\/gajos.sk\/eshop\/wp-json\/wp\/v2\/product_tag?post=336461"}],"curies":[{"name":"wp","href":"https:\/\/api.w.org\/{rel}","templated":true}]}}