{"id":336389,"date":"2024-03-01T19:51:11","date_gmt":"2024-03-01T18:51:11","guid":{"rendered":"https:\/\/gajostest.a2hosted.com\/eshop\/emerton-plus-bunda\/"},"modified":"2026-05-07T21:22:26","modified_gmt":"2026-05-07T19:22:26","slug":"emerton-plus-bunda","status":"publish","type":"product","link":"https:\/\/gajos.sk\/eshop\/p\/emerton-plus-bunda\/","title":{"rendered":"EMERTON PLUS bunda"},"content":{"rendered":"","protected":false},"excerpt":{"rendered":"<p>p\u00e1nska pracovn\u00e1 bunda; modern\u00fd strih a atrakt\u00edvny design; mnoho multifunk\u010dn\u00fdch vreciek; vrecko na telef\u00f3n o\u0161etren\u00e1 materi\u00e1lom &#8222;e-secure&#8220;; chr\u00e1niaci va\u0161e srdce pred ne\u017eiad\u00facimi \u00fa\u010dinkami telef\u00f3nnych vibr\u00e1ci\u00ed; &#8222;D&#8220; kr\u00fa\u017eok; zosilnen\u00e1 oblas\u0165 lak\u0165ov materi\u00e1lom Oxford; reflexn\u00e9 prvky; kontrastn\u00e9 pre\u0161itie a uz\u00e1vierky; zap\u00ednanie kryt\u00e9 l\u00e9gou na such\u00fd zips<\/p>\n","protected":false},"featured_media":336391,"template":"","meta":{"_acf_changed":false,"inline_featured_image":false},"product_brand":[],"product_cat":[2121,2122,2123],"product_tag":[1179],"class_list":{"0":"post-336389","1":"product","2":"type-product","3":"status-publish","4":"has-post-thumbnail","6":"product_cat-odevy","7":"product_cat-bundy-a-kabaty","8":"product_cat-bundy","9":"product_tag-cerva","10":"pa_farba-antracit-oranzova","11":"pa_velkost-3157","12":"pa_velkost-3158","13":"pa_velkost-3159","14":"pa_velkost-3160","15":"pa_velkost-3161","16":"pa_velkost-3162","17":"pa_velkost-3110","18":"pa_velkost-3121","19":"pa_velkost-3123","20":"pa_velkost-3155","22":"first","23":"instock","24":"taxable","25":"shipping-taxable","26":"purchasable","27":"product-type-variable"},"acf":[],"_links":{"self":[{"href":"https:\/\/gajos.sk\/eshop\/wp-json\/wp\/v2\/product\/336389","targetHints":{"allow":["GET"]}}],"collection":[{"href":"https:\/\/gajos.sk\/eshop\/wp-json\/wp\/v2\/product"}],"about":[{"href":"https:\/\/gajos.sk\/eshop\/wp-json\/wp\/v2\/types\/product"}],"wp:featuredmedia":[{"embeddable":true,"href":"https:\/\/gajos.sk\/eshop\/wp-json\/wp\/v2\/media\/336391"}],"wp:attachment":[{"href":"https:\/\/gajos.sk\/eshop\/wp-json\/wp\/v2\/media?parent=336389"}],"wp:term":[{"taxonomy":"product_brand","embeddable":true,"href":"https:\/\/gajos.sk\/eshop\/wp-json\/wp\/v2\/product_brand?post=336389"},{"taxonomy":"product_cat","embeddable":true,"href":"https:\/\/gajos.sk\/eshop\/wp-json\/wp\/v2\/product_cat?post=336389"},{"taxonomy":"product_tag","embeddable":true,"href":"https:\/\/gajos.sk\/eshop\/wp-json\/wp\/v2\/product_tag?post=336389"}],"curies":[{"name":"wp","href":"https:\/\/api.w.org\/{rel}","templated":true}]}}