{"id":336305,"date":"2024-03-01T19:49:43","date_gmt":"2024-03-01T18:49:43","guid":{"rendered":"https:\/\/gajostest.a2hosted.com\/eshop\/cremorne-bunda\/"},"modified":"2026-05-07T21:22:26","modified_gmt":"2026-05-07T19:22:26","slug":"cremorne-bunda","status":"publish","type":"product","link":"https:\/\/gajos.sk\/eshop\/p\/cremorne-bunda\/","title":{"rendered":"CREMORNE bunda"},"content":{"rendered":"","protected":false},"excerpt":{"rendered":"<p>p\u00e1nska pracovn\u00e1 bunda; hust\u00e1 bavlnen\u00e1 tkanina; modern\u00fd strih; oxfordsk\u00e1 ramenn\u00e1 v\u00fdstu\u017e; 2 bo\u010dn\u00e9 vreck\u00e1; 1 multifunk\u010dn\u00e9 hrudn\u00e9 vrecko; zap\u00ednanie ruk\u00e1vov\u00e9ho lemu na such\u00fd zips; D-kr\u00fa\u017eok<\/p>\n","protected":false},"featured_media":336307,"template":"","meta":{"_acf_changed":false,"inline_featured_image":false},"product_brand":[],"product_cat":[2121,2122,2123],"product_tag":[1179],"class_list":{"0":"post-336305","1":"product","2":"type-product","3":"status-publish","4":"has-post-thumbnail","6":"product_cat-odevy","7":"product_cat-bundy-a-kabaty","8":"product_cat-bundy","9":"product_tag-cerva","10":"pa_farba-petrolejova","11":"pa_farba-sv-olivova","12":"pa_farba-navy","13":"pa_farba-siva","14":"pa_farba-biela","15":"pa_velkost-3162","16":"pa_velkost-3110","17":"pa_velkost-3121","18":"pa_velkost-3123","19":"pa_velkost-3155","20":"pa_velkost-3157","21":"pa_velkost-3158","22":"pa_velkost-3159","23":"pa_velkost-3160","24":"pa_velkost-3161","26":"first","27":"instock","28":"taxable","29":"shipping-taxable","30":"purchasable","31":"product-type-variable"},"acf":[],"_links":{"self":[{"href":"https:\/\/gajos.sk\/eshop\/wp-json\/wp\/v2\/product\/336305","targetHints":{"allow":["GET"]}}],"collection":[{"href":"https:\/\/gajos.sk\/eshop\/wp-json\/wp\/v2\/product"}],"about":[{"href":"https:\/\/gajos.sk\/eshop\/wp-json\/wp\/v2\/types\/product"}],"wp:featuredmedia":[{"embeddable":true,"href":"https:\/\/gajos.sk\/eshop\/wp-json\/wp\/v2\/media\/336307"}],"wp:attachment":[{"href":"https:\/\/gajos.sk\/eshop\/wp-json\/wp\/v2\/media?parent=336305"}],"wp:term":[{"taxonomy":"product_brand","embeddable":true,"href":"https:\/\/gajos.sk\/eshop\/wp-json\/wp\/v2\/product_brand?post=336305"},{"taxonomy":"product_cat","embeddable":true,"href":"https:\/\/gajos.sk\/eshop\/wp-json\/wp\/v2\/product_cat?post=336305"},{"taxonomy":"product_tag","embeddable":true,"href":"https:\/\/gajos.sk\/eshop\/wp-json\/wp\/v2\/product_tag?post=336305"}],"curies":[{"name":"wp","href":"https:\/\/api.w.org\/{rel}","templated":true}]}}