{"id":336293,"date":"2024-03-01T19:49:39","date_gmt":"2024-03-01T18:49:39","guid":{"rendered":"https:\/\/gajostest.a2hosted.com\/eshop\/jerica-softshell-bunda-damska\/"},"modified":"2026-04-25T21:27:08","modified_gmt":"2026-04-25T19:27:08","slug":"jerica-softshell-bunda-damska","status":"publish","type":"product","link":"https:\/\/gajos.sk\/eshop\/p\/jerica-softshell-bunda-damska\/","title":{"rendered":"JERICA softshell bunda d\u00e1mska"},"content":{"rendered":"","protected":false},"excerpt":{"rendered":"<p>rovn\u00fd golier; zap\u00ednanie na zips; 1 vsaden\u00e9 hrudn\u00e9 vrecko; 2 kapsy s n\u00e1\u0161ivkami so zap\u00ednan\u00edm na zips; gu\u013eat\u00e9 vsaden\u00e9 ruk\u00e1vy; z\u00fa\u017eenie ruk\u00e1vov dotykov\u00fdm uz\u00e1verom; reflexn\u00e9 p\u00e1siky (50 mm); d\u013a\u017eka zadnej \u010dasti 72 cm (L); kompatibiln\u00e9 s pl\u00e1\u0161tenkou TALIA<\/p>\n","protected":false},"featured_media":336295,"template":"","meta":{"_acf_changed":false,"inline_featured_image":false},"product_brand":[],"product_cat":[2121,2122,2123],"product_tag":[1238],"class_list":{"0":"post-336293","1":"product","2":"type-product","3":"status-publish","4":"has-post-thumbnail","6":"product_cat-odevy","7":"product_cat-bundy-a-kabaty","8":"product_cat-bundy","9":"product_tag-sioen","10":"pa_farba-hv-oranzova","11":"pa_farba-hv-zlta","12":"pa_velkost-xl","13":"pa_velkost-l","14":"pa_velkost-m","15":"pa_velkost-s","16":"pa_velkost-xxl","18":"first","19":"instock","20":"taxable","21":"shipping-taxable","22":"purchasable","23":"product-type-variable"},"acf":[],"_links":{"self":[{"href":"https:\/\/gajos.sk\/eshop\/wp-json\/wp\/v2\/product\/336293","targetHints":{"allow":["GET"]}}],"collection":[{"href":"https:\/\/gajos.sk\/eshop\/wp-json\/wp\/v2\/product"}],"about":[{"href":"https:\/\/gajos.sk\/eshop\/wp-json\/wp\/v2\/types\/product"}],"wp:featuredmedia":[{"embeddable":true,"href":"https:\/\/gajos.sk\/eshop\/wp-json\/wp\/v2\/media\/336295"}],"wp:attachment":[{"href":"https:\/\/gajos.sk\/eshop\/wp-json\/wp\/v2\/media?parent=336293"}],"wp:term":[{"taxonomy":"product_brand","embeddable":true,"href":"https:\/\/gajos.sk\/eshop\/wp-json\/wp\/v2\/product_brand?post=336293"},{"taxonomy":"product_cat","embeddable":true,"href":"https:\/\/gajos.sk\/eshop\/wp-json\/wp\/v2\/product_cat?post=336293"},{"taxonomy":"product_tag","embeddable":true,"href":"https:\/\/gajos.sk\/eshop\/wp-json\/wp\/v2\/product_tag?post=336293"}],"curies":[{"name":"wp","href":"https:\/\/api.w.org\/{rel}","templated":true}]}}