{"id":336249,"date":"2024-03-01T19:49:24","date_gmt":"2024-03-01T18:49:24","guid":{"rendered":"https:\/\/gajostest.a2hosted.com\/eshop\/formby-hv-7n1-parka\/"},"modified":"2026-05-07T21:22:26","modified_gmt":"2026-05-07T19:22:26","slug":"formby-hv-7n1-parka","status":"publish","type":"product","link":"https:\/\/gajos.sk\/eshop\/p\/formby-hv-7n1-parka\/","title":{"rendered":"FORMBY HV 7n1 parka"},"content":{"rendered":"","protected":false},"excerpt":{"rendered":"<p>p\u00e1nska izolovan\u00e1 bunda 7 v 1 s vysokou vidite\u013enos\u0165ou s reflexn\u00fdmi p\u00e1sikmi; odop\u00ednacia vrchn\u00e1 vetru odoln\u00e1 a vodotesn\u00e1 bunda s lepen\u00fdmi \u0161vami a odop\u00ednacia kapuc\u0148a; obojstrann\u00e1 samostatn\u00e1 spodn\u00e1 bunda s mnoh\u00fdmi multifunk\u010dn\u00fdmi vreckami<\/p>\n","protected":false},"featured_media":336251,"template":"","meta":{"_acf_changed":false,"inline_featured_image":false},"product_brand":[],"product_cat":[2167,2121,2122],"product_tag":[1179],"class_list":{"0":"post-336249","1":"product","2":"type-product","3":"status-publish","4":"has-post-thumbnail","6":"product_cat-kabaty","7":"product_cat-odevy","8":"product_cat-bundy-a-kabaty","9":"product_tag-cerva","10":"pa_farba-zlta","11":"pa_farba-oranzova","12":"pa_velkost-xl","13":"pa_velkost-l","14":"pa_velkost-m","15":"pa_velkost-s","16":"pa_velkost-3xl","17":"pa_velkost-xxl","19":"first","20":"instock","21":"taxable","22":"shipping-taxable","23":"purchasable","24":"product-type-variable"},"acf":[],"_links":{"self":[{"href":"https:\/\/gajos.sk\/eshop\/wp-json\/wp\/v2\/product\/336249","targetHints":{"allow":["GET"]}}],"collection":[{"href":"https:\/\/gajos.sk\/eshop\/wp-json\/wp\/v2\/product"}],"about":[{"href":"https:\/\/gajos.sk\/eshop\/wp-json\/wp\/v2\/types\/product"}],"wp:featuredmedia":[{"embeddable":true,"href":"https:\/\/gajos.sk\/eshop\/wp-json\/wp\/v2\/media\/336251"}],"wp:attachment":[{"href":"https:\/\/gajos.sk\/eshop\/wp-json\/wp\/v2\/media?parent=336249"}],"wp:term":[{"taxonomy":"product_brand","embeddable":true,"href":"https:\/\/gajos.sk\/eshop\/wp-json\/wp\/v2\/product_brand?post=336249"},{"taxonomy":"product_cat","embeddable":true,"href":"https:\/\/gajos.sk\/eshop\/wp-json\/wp\/v2\/product_cat?post=336249"},{"taxonomy":"product_tag","embeddable":true,"href":"https:\/\/gajos.sk\/eshop\/wp-json\/wp\/v2\/product_tag?post=336249"}],"curies":[{"name":"wp","href":"https:\/\/api.w.org\/{rel}","templated":true}]}}