{"id":336223,"date":"2024-03-01T19:49:18","date_gmt":"2024-03-01T18:49:18","guid":{"rendered":"https:\/\/gajostest.a2hosted.com\/eshop\/knoxfield-hvps-softshell-bunda\/"},"modified":"2026-05-07T21:22:26","modified_gmt":"2026-05-07T19:22:26","slug":"knoxfield-hvps-softshell-bunda","status":"publish","type":"product","link":"https:\/\/gajos.sk\/eshop\/p\/knoxfield-hvps-softshell-bunda\/","title":{"rendered":"KNOXFIELD HVPS softshell bunda"},"content":{"rendered":"","protected":false},"excerpt":{"rendered":"<p>HI-VIS softshellov\u00e1 bunda s kapuc\u0148ou; PU membr\u00e1na zais\u0165uje vodeodolnos\u0165 a paropriepustnos\u0165; sedlo v kontrastnej \u010diernej farbe lemovanej reflexnou paspulkou; 600D Oxford zosilnen\u00e1 oblas\u0165 ramien; tla\u010den\u00e9 5 cm reflexn\u00e9 pruhy; 2 bo\u010dn\u00e9 vreck\u00e1, 1 n\u00e1prsn\u00e9 vrecko; 2 vn\u00fatorn\u00e9 vreck\u00e1; nastavite\u013en\u00e1 \u0161\u00edrka ruk\u00e1vov a obvodu p\u00e1sa.<\/p>\n","protected":false},"featured_media":336225,"template":"","meta":{"_acf_changed":false,"inline_featured_image":false},"product_brand":[],"product_cat":[2121,2122,2123],"product_tag":[1179],"class_list":{"0":"post-336223","1":"product","2":"type-product","3":"status-publish","4":"has-post-thumbnail","6":"product_cat-odevy","7":"product_cat-bundy-a-kabaty","8":"product_cat-bundy","9":"product_tag-cerva","10":"pa_farba-zlta","11":"pa_farba-cervena","12":"pa_farba-oranzova","13":"pa_velkost-s","14":"pa_velkost-3xl","15":"pa_velkost-xxl","16":"pa_velkost-4xl","17":"pa_velkost-xs","18":"pa_velkost-xl","19":"pa_velkost-l","20":"pa_velkost-m","22":"first","23":"instock","24":"taxable","25":"shipping-taxable","26":"purchasable","27":"product-type-variable"},"acf":[],"_links":{"self":[{"href":"https:\/\/gajos.sk\/eshop\/wp-json\/wp\/v2\/product\/336223","targetHints":{"allow":["GET"]}}],"collection":[{"href":"https:\/\/gajos.sk\/eshop\/wp-json\/wp\/v2\/product"}],"about":[{"href":"https:\/\/gajos.sk\/eshop\/wp-json\/wp\/v2\/types\/product"}],"wp:featuredmedia":[{"embeddable":true,"href":"https:\/\/gajos.sk\/eshop\/wp-json\/wp\/v2\/media\/336225"}],"wp:attachment":[{"href":"https:\/\/gajos.sk\/eshop\/wp-json\/wp\/v2\/media?parent=336223"}],"wp:term":[{"taxonomy":"product_brand","embeddable":true,"href":"https:\/\/gajos.sk\/eshop\/wp-json\/wp\/v2\/product_brand?post=336223"},{"taxonomy":"product_cat","embeddable":true,"href":"https:\/\/gajos.sk\/eshop\/wp-json\/wp\/v2\/product_cat?post=336223"},{"taxonomy":"product_tag","embeddable":true,"href":"https:\/\/gajos.sk\/eshop\/wp-json\/wp\/v2\/product_tag?post=336223"}],"curies":[{"name":"wp","href":"https:\/\/api.w.org\/{rel}","templated":true}]}}