{"id":336173,"date":"2024-03-01T19:49:03","date_gmt":"2024-03-01T18:49:03","guid":{"rendered":"https:\/\/gajostest.a2hosted.com\/eshop\/knoxfield-hvps-wint-parka\/"},"modified":"2026-05-07T21:22:26","modified_gmt":"2026-05-07T19:22:26","slug":"knoxfield-hvps-wint-parka","status":"publish","type":"product","link":"https:\/\/gajos.sk\/eshop\/p\/knoxfield-hvps-wint-parka\/","title":{"rendered":"KNOXFIELD HVPS WINT.parka"},"content":{"rendered":"","protected":false},"excerpt":{"rendered":"<p>zateplen\u00e1 zimn\u00e1 HI-VIS bunda s odop\u00ednate\u013enou kapuc\u0148ou; TPU membr\u00e1na zais\u0165uje vodeodolnos\u0165; pred\u013a\u017een\u00e1 \u010das\u0165 chrbta; 600D Oxford zosilnen\u00e1 oblas\u0165 ramien; 1 n\u00e1prsn\u00e9 vrecko na zips; 2 bo\u010dn\u00e9 vreck\u00e1; 2 uzatv\u00e1rate\u013en\u00e9 vn\u00fatorn\u00e9 vreck\u00e1; potla\u010den\u00e9 5 cm reflexn\u00e9 pruhy; dekorat\u00edvne pre\u0161itie, vhodn\u00e9 pre v\u00fd\u0161ivky.<br \/>\nPozn\u00e1mka: Hodnota Icler bola stanoven\u00e1 v komplete s nohavicami KNOXFIELD HVPS zimn\u00e9 nohavice s trakmi<\/p>\n","protected":false},"featured_media":336175,"template":"","meta":{"_acf_changed":false,"inline_featured_image":false},"product_brand":[],"product_cat":[2167,2121,2122],"product_tag":[1179],"class_list":{"0":"post-336173","1":"product","2":"type-product","3":"status-publish","4":"has-post-thumbnail","6":"product_cat-kabaty","7":"product_cat-odevy","8":"product_cat-bundy-a-kabaty","9":"product_tag-cerva","10":"pa_farba-oranzova","11":"pa_farba-zlta","12":"pa_farba-cervena","13":"pa_velkost-xl","14":"pa_velkost-l","15":"pa_velkost-m","16":"pa_velkost-s","17":"pa_velkost-3xl","18":"pa_velkost-xxl","19":"pa_velkost-5xl","20":"pa_velkost-4xl","21":"pa_velkost-xs","23":"first","24":"instock","25":"taxable","26":"shipping-taxable","27":"purchasable","28":"product-type-variable"},"acf":[],"_links":{"self":[{"href":"https:\/\/gajos.sk\/eshop\/wp-json\/wp\/v2\/product\/336173","targetHints":{"allow":["GET"]}}],"collection":[{"href":"https:\/\/gajos.sk\/eshop\/wp-json\/wp\/v2\/product"}],"about":[{"href":"https:\/\/gajos.sk\/eshop\/wp-json\/wp\/v2\/types\/product"}],"wp:featuredmedia":[{"embeddable":true,"href":"https:\/\/gajos.sk\/eshop\/wp-json\/wp\/v2\/media\/336175"}],"wp:attachment":[{"href":"https:\/\/gajos.sk\/eshop\/wp-json\/wp\/v2\/media?parent=336173"}],"wp:term":[{"taxonomy":"product_brand","embeddable":true,"href":"https:\/\/gajos.sk\/eshop\/wp-json\/wp\/v2\/product_brand?post=336173"},{"taxonomy":"product_cat","embeddable":true,"href":"https:\/\/gajos.sk\/eshop\/wp-json\/wp\/v2\/product_cat?post=336173"},{"taxonomy":"product_tag","embeddable":true,"href":"https:\/\/gajos.sk\/eshop\/wp-json\/wp\/v2\/product_tag?post=336173"}],"curies":[{"name":"wp","href":"https:\/\/api.w.org\/{rel}","templated":true}]}}