{"id":336079,"date":"2024-03-01T19:47:34","date_gmt":"2024-03-01T18:47:34","guid":{"rendered":"https:\/\/gajostest.a2hosted.com\/eshop\/dayboro-bunda\/"},"modified":"2026-05-07T21:22:26","modified_gmt":"2026-05-07T19:22:26","slug":"dayboro-bunda","status":"publish","type":"product","link":"https:\/\/gajos.sk\/eshop\/p\/dayboro-bunda\/","title":{"rendered":"DAYBORO bunda"},"content":{"rendered":"","protected":false},"excerpt":{"rendered":"<p>p\u00e1nska pracovn\u00e1 bunda; elastick\u00e1 inovat\u00edvna tkanina TRIFIBETEX &#8211; ergonomick\u00fd strih; odop\u00ednacia kapuc\u0148a; oxfordsk\u00e1 ramenn\u00e1 v\u00fdstu\u017e; 2 bo\u010dn\u00e9 vreck\u00e1; 1 vn\u00fatorn\u00e9 vrecko na telef\u00f3n; reflexn\u00fd odtie\u0148 vo farebn\u00fdch \u010dastiach\u00a0<\/p>\n","protected":false},"featured_media":336081,"template":"","meta":{"_acf_changed":false,"inline_featured_image":false},"product_brand":[],"product_cat":[2121,2122,2123],"product_tag":[1179],"class_list":{"0":"post-336079","1":"product","2":"type-product","3":"status-publish","4":"has-post-thumbnail","6":"product_cat-odevy","7":"product_cat-bundy-a-kabaty","8":"product_cat-bundy","9":"product_tag-cerva","10":"pa_farba-antracit","11":"pa_farba-navy","12":"pa_farba-mech-zelena","13":"pa_farba-petrolejova","14":"pa_farba-tm-hneda","15":"pa_farba-cierna","16":"pa_velkost-3162","17":"pa_velkost-3121","18":"pa_velkost-3123","19":"pa_velkost-3155","20":"pa_velkost-3157","21":"pa_velkost-3158","22":"pa_velkost-3159","23":"pa_velkost-3160","24":"pa_velkost-3161","25":"pa_velkost-3110","27":"first","28":"instock","29":"taxable","30":"shipping-taxable","31":"purchasable","32":"product-type-variable"},"acf":[],"_links":{"self":[{"href":"https:\/\/gajos.sk\/eshop\/wp-json\/wp\/v2\/product\/336079","targetHints":{"allow":["GET"]}}],"collection":[{"href":"https:\/\/gajos.sk\/eshop\/wp-json\/wp\/v2\/product"}],"about":[{"href":"https:\/\/gajos.sk\/eshop\/wp-json\/wp\/v2\/types\/product"}],"wp:featuredmedia":[{"embeddable":true,"href":"https:\/\/gajos.sk\/eshop\/wp-json\/wp\/v2\/media\/336081"}],"wp:attachment":[{"href":"https:\/\/gajos.sk\/eshop\/wp-json\/wp\/v2\/media?parent=336079"}],"wp:term":[{"taxonomy":"product_brand","embeddable":true,"href":"https:\/\/gajos.sk\/eshop\/wp-json\/wp\/v2\/product_brand?post=336079"},{"taxonomy":"product_cat","embeddable":true,"href":"https:\/\/gajos.sk\/eshop\/wp-json\/wp\/v2\/product_cat?post=336079"},{"taxonomy":"product_tag","embeddable":true,"href":"https:\/\/gajos.sk\/eshop\/wp-json\/wp\/v2\/product_tag?post=336079"}],"curies":[{"name":"wp","href":"https:\/\/api.w.org\/{rel}","templated":true}]}}