{"id":335999,"date":"2024-03-01T19:47:14","date_gmt":"2024-03-01T18:47:14","guid":{"rendered":"https:\/\/gajostest.a2hosted.com\/eshop\/knoxfield-profi-hv-fr-terry-bunda\/"},"modified":"2026-05-07T21:22:26","modified_gmt":"2026-05-07T19:22:26","slug":"knoxfield-profi-hv-fr-terry-bunda","status":"publish","type":"product","link":"https:\/\/gajos.sk\/eshop\/p\/knoxfield-profi-hv-fr-terry-bunda\/","title":{"rendered":"KNOXFIELD PROFI HV fr.terry bunda"},"content":{"rendered":"","protected":false},"excerpt":{"rendered":"<p>mikina p\u00e1nska objstrann\u00e1 mikina na zips s odn\u00edmate\u013enou kapuc\u0148ou; hi-vis verzia so segmentovan\u00fdmi reflexn\u00fdmi pruhmi a reflexn\u00fdmi lemovkami; 2 postrann\u00e9 li\u0161tov\u00e9 vreck\u00e1; pru\u017en\u00e9 n\u00e1plety v spodnom obvode a na koncoch ruk\u00e1vov; 2 verzie v \u010diernej farbe s klokan\u00edm vreckom a reflexnou lemovkou<\/p>\n","protected":false},"featured_media":336001,"template":"","meta":{"_acf_changed":false,"inline_featured_image":false},"product_brand":[],"product_cat":[2121,2122,2123],"product_tag":[1179],"class_list":{"0":"post-335999","1":"product","2":"type-product","3":"status-publish","4":"has-post-thumbnail","6":"product_cat-odevy","7":"product_cat-bundy-a-kabaty","8":"product_cat-bundy","9":"product_tag-cerva","10":"pa_farba-zlta","11":"pa_velkost-l","12":"pa_velkost-m","13":"pa_velkost-s","14":"pa_velkost-3xl","15":"pa_velkost-xxl","16":"pa_velkost-5xl","17":"pa_velkost-4xl","18":"pa_velkost-xs","19":"pa_velkost-xl","21":"first","22":"instock","23":"taxable","24":"shipping-taxable","25":"purchasable","26":"product-type-variable"},"acf":[],"_links":{"self":[{"href":"https:\/\/gajos.sk\/eshop\/wp-json\/wp\/v2\/product\/335999","targetHints":{"allow":["GET"]}}],"collection":[{"href":"https:\/\/gajos.sk\/eshop\/wp-json\/wp\/v2\/product"}],"about":[{"href":"https:\/\/gajos.sk\/eshop\/wp-json\/wp\/v2\/types\/product"}],"wp:featuredmedia":[{"embeddable":true,"href":"https:\/\/gajos.sk\/eshop\/wp-json\/wp\/v2\/media\/336001"}],"wp:attachment":[{"href":"https:\/\/gajos.sk\/eshop\/wp-json\/wp\/v2\/media?parent=335999"}],"wp:term":[{"taxonomy":"product_brand","embeddable":true,"href":"https:\/\/gajos.sk\/eshop\/wp-json\/wp\/v2\/product_brand?post=335999"},{"taxonomy":"product_cat","embeddable":true,"href":"https:\/\/gajos.sk\/eshop\/wp-json\/wp\/v2\/product_cat?post=335999"},{"taxonomy":"product_tag","embeddable":true,"href":"https:\/\/gajos.sk\/eshop\/wp-json\/wp\/v2\/product_tag?post=335999"}],"curies":[{"name":"wp","href":"https:\/\/api.w.org\/{rel}","templated":true}]}}