{"id":335966,"date":"2024-03-01T19:47:03","date_gmt":"2024-03-01T18:47:03","guid":{"rendered":"https:\/\/gajostest.a2hosted.com\/eshop\/knoxfield-profi-hv-bunda\/"},"modified":"2026-05-07T21:22:26","modified_gmt":"2026-05-07T19:22:26","slug":"knoxfield-profi-hv-bunda","status":"publish","type":"product","link":"https:\/\/gajos.sk\/eshop\/p\/knoxfield-profi-hv-bunda\/","title":{"rendered":"KNOXFIELD PROFI HV bunda"},"content":{"rendered":"","protected":false},"excerpt":{"rendered":"<p>p\u00e1nska vetru a vode odoln\u00e1 hi-vis bunda s odop\u00ednacou kapuc\u0148ou; zips kryt\u00fd l\u00e9gou s uchyten\u00edm na such\u00fd zips; nastavite\u013en\u00e1 \u0161\u00edrka spodn\u00e9ho obvodu s\u0165ahovacou \u0161\u0148\u00farkou; nastavite\u013en\u00e1 \u0161\u00edrka obvodu ruk\u00e1vov na such\u00fd zips; 2 postrann\u00e9 vreck\u00e1 na zips; 1 n\u00e1prsn\u00e9 vrecko na zips; 1 vn\u00fatorn\u00e9 vrecko na zips; termoizola\u010dn\u00e1 pod\u0161\u00edvka; reflexn\u00e9 lemovka a segmentovan\u00e9 reflexn\u00e9 pruhy; p\u00fatka na prichytenie vn\u00fatorn\u00fdch volite\u013en\u00fdch b\u00fand<\/p>\n","protected":false},"featured_media":335968,"template":"","meta":{"_acf_changed":false,"inline_featured_image":false},"product_brand":[],"product_cat":[2167,2121,2122],"product_tag":[1179],"class_list":{"0":"post-335966","1":"product","2":"type-product","3":"status-publish","4":"has-post-thumbnail","6":"product_cat-kabaty","7":"product_cat-odevy","8":"product_cat-bundy-a-kabaty","9":"product_tag-cerva","10":"pa_farba-zlta","11":"pa_velkost-xl","12":"pa_velkost-l","13":"pa_velkost-m","14":"pa_velkost-s","15":"pa_velkost-3xl","16":"pa_velkost-xxl","17":"pa_velkost-5xl","18":"pa_velkost-4xl","19":"pa_velkost-xs","21":"first","22":"instock","23":"taxable","24":"shipping-taxable","25":"purchasable","26":"product-type-variable"},"acf":[],"_links":{"self":[{"href":"https:\/\/gajos.sk\/eshop\/wp-json\/wp\/v2\/product\/335966","targetHints":{"allow":["GET"]}}],"collection":[{"href":"https:\/\/gajos.sk\/eshop\/wp-json\/wp\/v2\/product"}],"about":[{"href":"https:\/\/gajos.sk\/eshop\/wp-json\/wp\/v2\/types\/product"}],"wp:featuredmedia":[{"embeddable":true,"href":"https:\/\/gajos.sk\/eshop\/wp-json\/wp\/v2\/media\/335968"}],"wp:attachment":[{"href":"https:\/\/gajos.sk\/eshop\/wp-json\/wp\/v2\/media?parent=335966"}],"wp:term":[{"taxonomy":"product_brand","embeddable":true,"href":"https:\/\/gajos.sk\/eshop\/wp-json\/wp\/v2\/product_brand?post=335966"},{"taxonomy":"product_cat","embeddable":true,"href":"https:\/\/gajos.sk\/eshop\/wp-json\/wp\/v2\/product_cat?post=335966"},{"taxonomy":"product_tag","embeddable":true,"href":"https:\/\/gajos.sk\/eshop\/wp-json\/wp\/v2\/product_tag?post=335966"}],"curies":[{"name":"wp","href":"https:\/\/api.w.org\/{rel}","templated":true}]}}