{"id":335818,"date":"2024-03-01T19:45:23","date_gmt":"2024-03-01T18:45:23","guid":{"rendered":"https:\/\/gajostest.a2hosted.com\/eshop\/knoxfield-softshell-bunda\/"},"modified":"2026-05-07T21:22:25","modified_gmt":"2026-05-07T19:22:25","slug":"knoxfield-softshell-bunda","status":"publish","type":"product","link":"https:\/\/gajos.sk\/eshop\/p\/knoxfield-softshell-bunda\/","title":{"rendered":"KNOXFIELD softshell bunda"},"content":{"rendered":"","protected":false},"excerpt":{"rendered":"<p>softshellov\u00e1 bunda p\u00e1nsk\u00e1 sofsthelov\u00e1 bunda, s TPU membr\u00e1nou zais\u0165uj\u00facou vodeodolnos a paropriepustnos\u0165; zosilnen\u00e1 oblas\u0165 ramien a lak\u0165ov; 1 n\u00e1prsn\u00e9 vrecko na zips; 2 postrann\u00e9 li\u0161tov\u00e9 vreck\u00e1; 2 uzatv\u00e1rate\u013en\u00e9 vn\u00fatorn\u00e9 vreck\u00e1; reflexn\u00e1 lemovka lemuj\u00faca sedlo a bo\u010dn\u00e9 vreck\u00e1; nastavite\u013en\u00e1 \u0161\u00edrka spodn\u00e9ho obvodu a ruk\u00e1vov<\/p>\n","protected":false},"featured_media":335820,"template":"","meta":{"_acf_changed":false,"inline_featured_image":false},"product_brand":[],"product_cat":[2121,2122,2123],"product_tag":[1179],"class_list":{"0":"post-335818","1":"product","2":"type-product","3":"status-publish","4":"has-post-thumbnail","6":"product_cat-odevy","7":"product_cat-bundy-a-kabaty","8":"product_cat-bundy","9":"product_tag-cerva","10":"pa_farba-antracit-cervena","11":"pa_farba-antracit","12":"pa_farba-antracit-oranzova","13":"pa_farba-antracit-zlta","14":"pa_velkost-l","15":"pa_velkost-m","16":"pa_velkost-s","17":"pa_velkost-3xl","18":"pa_velkost-xxl","19":"pa_velkost-5xl","20":"pa_velkost-4xl","21":"pa_velkost-xs","22":"pa_velkost-xl","24":"first","25":"instock","26":"taxable","27":"shipping-taxable","28":"purchasable","29":"product-type-variable"},"acf":[],"_links":{"self":[{"href":"https:\/\/gajos.sk\/eshop\/wp-json\/wp\/v2\/product\/335818","targetHints":{"allow":["GET"]}}],"collection":[{"href":"https:\/\/gajos.sk\/eshop\/wp-json\/wp\/v2\/product"}],"about":[{"href":"https:\/\/gajos.sk\/eshop\/wp-json\/wp\/v2\/types\/product"}],"wp:featuredmedia":[{"embeddable":true,"href":"https:\/\/gajos.sk\/eshop\/wp-json\/wp\/v2\/media\/335820"}],"wp:attachment":[{"href":"https:\/\/gajos.sk\/eshop\/wp-json\/wp\/v2\/media?parent=335818"}],"wp:term":[{"taxonomy":"product_brand","embeddable":true,"href":"https:\/\/gajos.sk\/eshop\/wp-json\/wp\/v2\/product_brand?post=335818"},{"taxonomy":"product_cat","embeddable":true,"href":"https:\/\/gajos.sk\/eshop\/wp-json\/wp\/v2\/product_cat?post=335818"},{"taxonomy":"product_tag","embeddable":true,"href":"https:\/\/gajos.sk\/eshop\/wp-json\/wp\/v2\/product_tag?post=335818"}],"curies":[{"name":"wp","href":"https:\/\/api.w.org\/{rel}","templated":true}]}}