{"id":335771,"date":"2024-03-01T19:45:10","date_gmt":"2024-03-01T18:45:10","guid":{"rendered":"https:\/\/gajostest.a2hosted.com\/eshop\/montrose-lady-bunda\/"},"modified":"2026-05-07T21:22:25","modified_gmt":"2026-05-07T19:22:25","slug":"montrose-lady-bunda","status":"publish","type":"product","link":"https:\/\/gajos.sk\/eshop\/p\/montrose-lady-bunda\/","title":{"rendered":"MONTROSE LADY bunda"},"content":{"rendered":"","protected":false},"excerpt":{"rendered":"<p>d\u00e1mska pracovn\u00e1 bunda z \u013eahk\u00e9ho zmesov\u00e9ho materi\u00e1lu bavlny \/ polyester twill; \u017eensk\u00fd strih; dekorativne lemovky v kontrastnej farbe; odvetrate\u013en\u00e1 v\u010faka \u010dastiam zo sie\u0165oviny; v\u0161etky zap\u00ednania kryt\u00e9 l\u00e9gou; 2 postrann\u00e9 vreck\u00e1 a 1 n\u00e1prsn\u00e9 vrecko, vo vn\u00fatri s \u201eD\u201c kr\u00fa\u017ekom; vhodn\u00e1 pre industri\u00e1lne pranie; mo\u017enos\u0165  vlo\u017eenia identifika\u010dn\u00e9ho \u010dipu<\/p>\n","protected":false},"featured_media":335773,"template":"","meta":{"_acf_changed":false,"inline_featured_image":false},"product_brand":[],"product_cat":[2121,2123,2122],"product_tag":[1179],"class_list":{"0":"post-335771","1":"product","2":"type-product","3":"status-publish","4":"has-post-thumbnail","6":"product_cat-odevy","7":"product_cat-bundy","8":"product_cat-bundy-a-kabaty","9":"product_tag-cerva","10":"pa_farba-biela-siva","11":"pa_farba-siva-tm-siva","12":"pa_farba-royal-navy","13":"pa_velkost-3161","14":"pa_velkost-3195","15":"pa_velkost-3110","16":"pa_velkost-3112","17":"pa_velkost-3114","18":"pa_velkost-3116","19":"pa_velkost-3118","20":"pa_velkost-3120","21":"pa_velkost-3121","22":"pa_velkost-3123","23":"pa_velkost-3160","25":"first","26":"instock","27":"taxable","28":"shipping-taxable","29":"purchasable","30":"product-type-variable"},"acf":[],"_links":{"self":[{"href":"https:\/\/gajos.sk\/eshop\/wp-json\/wp\/v2\/product\/335771","targetHints":{"allow":["GET"]}}],"collection":[{"href":"https:\/\/gajos.sk\/eshop\/wp-json\/wp\/v2\/product"}],"about":[{"href":"https:\/\/gajos.sk\/eshop\/wp-json\/wp\/v2\/types\/product"}],"wp:featuredmedia":[{"embeddable":true,"href":"https:\/\/gajos.sk\/eshop\/wp-json\/wp\/v2\/media\/335773"}],"wp:attachment":[{"href":"https:\/\/gajos.sk\/eshop\/wp-json\/wp\/v2\/media?parent=335771"}],"wp:term":[{"taxonomy":"product_brand","embeddable":true,"href":"https:\/\/gajos.sk\/eshop\/wp-json\/wp\/v2\/product_brand?post=335771"},{"taxonomy":"product_cat","embeddable":true,"href":"https:\/\/gajos.sk\/eshop\/wp-json\/wp\/v2\/product_cat?post=335771"},{"taxonomy":"product_tag","embeddable":true,"href":"https:\/\/gajos.sk\/eshop\/wp-json\/wp\/v2\/product_tag?post=335771"}],"curies":[{"name":"wp","href":"https:\/\/api.w.org\/{rel}","templated":true}]}}