{"id":335733,"date":"2024-03-01T19:44:02","date_gmt":"2024-03-01T18:44:02","guid":{"rendered":"https:\/\/gajostest.a2hosted.com\/eshop\/montrose-bunda\/"},"modified":"2026-05-07T21:22:25","modified_gmt":"2026-05-07T19:22:25","slug":"montrose-bunda","status":"publish","type":"product","link":"https:\/\/gajos.sk\/eshop\/p\/montrose-bunda\/","title":{"rendered":"MONTROSE bunda"},"content":{"rendered":"","protected":false},"excerpt":{"rendered":"<p>p\u00e1nsk\u00e1 pracovn\u00e1 bunda zo zmesov\u00e9ho materi\u00e1lu bavlny \/ polyester twill; dekorat\u00edvne lemovky v kontrastnej farbe; \u013eahko odvetrate\u013en\u00e1 v\u010faka \u010dastiam zo sie\u0165oviny; v\u0161etky zap\u00ednania kryt\u00e9 l\u00e9gou; 2 postrann\u00e9 vreck\u00e1 a 1 n\u00e1prsn\u00e9 vrecko vovn\u00fatri s \u201eD\u201c kr\u00fa\u017ekom; vhodn\u00e1 pre industri\u00e1lne pranie<\/p>\n","protected":false},"featured_media":335735,"template":"","meta":{"_acf_changed":false,"inline_featured_image":false},"product_brand":[],"product_cat":[2121,2122,2123],"product_tag":[1179],"class_list":{"0":"post-335733","1":"product","2":"type-product","3":"status-publish","4":"has-post-thumbnail","6":"product_cat-odevy","7":"product_cat-bundy-a-kabaty","8":"product_cat-bundy","9":"product_tag-cerva","10":"pa_farba-biela-siva","11":"pa_farba-siva-tm-siva","12":"pa_farba-royal-navy","13":"pa_velkost-3157","14":"pa_velkost-3158","15":"pa_velkost-3159","16":"pa_velkost-3160","17":"pa_velkost-3161","18":"pa_velkost-3162","19":"pa_velkost-3110","20":"pa_velkost-3175","21":"pa_velkost-3112","22":"pa_velkost-3121","23":"pa_velkost-3123","24":"pa_velkost-3155","26":"first","27":"instock","28":"taxable","29":"shipping-taxable","30":"purchasable","31":"product-type-variable"},"acf":[],"_links":{"self":[{"href":"https:\/\/gajos.sk\/eshop\/wp-json\/wp\/v2\/product\/335733","targetHints":{"allow":["GET"]}}],"collection":[{"href":"https:\/\/gajos.sk\/eshop\/wp-json\/wp\/v2\/product"}],"about":[{"href":"https:\/\/gajos.sk\/eshop\/wp-json\/wp\/v2\/types\/product"}],"wp:featuredmedia":[{"embeddable":true,"href":"https:\/\/gajos.sk\/eshop\/wp-json\/wp\/v2\/media\/335735"}],"wp:attachment":[{"href":"https:\/\/gajos.sk\/eshop\/wp-json\/wp\/v2\/media?parent=335733"}],"wp:term":[{"taxonomy":"product_brand","embeddable":true,"href":"https:\/\/gajos.sk\/eshop\/wp-json\/wp\/v2\/product_brand?post=335733"},{"taxonomy":"product_cat","embeddable":true,"href":"https:\/\/gajos.sk\/eshop\/wp-json\/wp\/v2\/product_cat?post=335733"},{"taxonomy":"product_tag","embeddable":true,"href":"https:\/\/gajos.sk\/eshop\/wp-json\/wp\/v2\/product_tag?post=335733"}],"curies":[{"name":"wp","href":"https:\/\/api.w.org\/{rel}","templated":true}]}}