{"id":335729,"date":"2024-03-01T19:44:02","date_gmt":"2024-03-01T18:44:02","guid":{"rendered":"https:\/\/gajostest.a2hosted.com\/eshop\/crambe-pilot-bunda\/"},"modified":"2026-04-11T17:48:54","modified_gmt":"2026-04-11T15:48:54","slug":"crambe-pilot-bunda","status":"publish","type":"product","link":"https:\/\/gajos.sk\/eshop\/p\/crambe-pilot-bunda\/","title":{"rendered":"CRAMBE pilot bunda"},"content":{"rendered":"","protected":false},"excerpt":{"rendered":"<p>p\u00e1nska zateplen\u00e1 bunda pilot v atrakt\u00edvnom designe kamufl\u00e1\u017e; 2 postrann\u00e9 li\u0161tov\u00e9 vreck\u00e1; 1 vn\u00fatorn\u00e9 vrecko na mobil; pru\u017en\u00e9 n\u00e1plety na koncoch ruk\u00e1vov; spodnom obvode a v golieri<\/p>\n","protected":false},"featured_media":335731,"template":"","meta":{"_acf_changed":false,"inline_featured_image":false},"product_brand":[],"product_cat":[2164,2121,2122],"product_tag":[1244],"class_list":{"0":"post-335729","1":"product","2":"type-product","3":"status-publish","4":"has-post-thumbnail","6":"product_cat-pilot-bundy","7":"product_cat-odevy","8":"product_cat-bundy-a-kabaty","9":"product_tag-crv","10":"pa_farba-camouflage","11":"pa_velkost-xxl","12":"pa_velkost-3xl","14":"first","15":"instock","16":"taxable","17":"shipping-taxable","18":"product-type-variable"},"acf":[],"_links":{"self":[{"href":"https:\/\/gajos.sk\/eshop\/wp-json\/wp\/v2\/product\/335729","targetHints":{"allow":["GET"]}}],"collection":[{"href":"https:\/\/gajos.sk\/eshop\/wp-json\/wp\/v2\/product"}],"about":[{"href":"https:\/\/gajos.sk\/eshop\/wp-json\/wp\/v2\/types\/product"}],"wp:featuredmedia":[{"embeddable":true,"href":"https:\/\/gajos.sk\/eshop\/wp-json\/wp\/v2\/media\/335731"}],"wp:attachment":[{"href":"https:\/\/gajos.sk\/eshop\/wp-json\/wp\/v2\/media?parent=335729"}],"wp:term":[{"taxonomy":"product_brand","embeddable":true,"href":"https:\/\/gajos.sk\/eshop\/wp-json\/wp\/v2\/product_brand?post=335729"},{"taxonomy":"product_cat","embeddable":true,"href":"https:\/\/gajos.sk\/eshop\/wp-json\/wp\/v2\/product_cat?post=335729"},{"taxonomy":"product_tag","embeddable":true,"href":"https:\/\/gajos.sk\/eshop\/wp-json\/wp\/v2\/product_tag?post=335729"}],"curies":[{"name":"wp","href":"https:\/\/api.w.org\/{rel}","templated":true}]}}